{"id":12461,"date":"2022-04-20T09:54:55","date_gmt":"2022-04-20T07:54:55","guid":{"rendered":"https:\/\/gestedev.ch\/support\/"},"modified":"2024-12-23T11:22:59","modified_gmt":"2024-12-23T10:22:59","slug":"support-de","status":"publish","type":"page","link":"https:\/\/geste-info.ch\/de\/support-de\/","title":{"rendered":"Support"},"content":{"rendered":"\t\t<div data-elementor-type=\"wp-page\" data-elementor-id=\"12461\" class=\"elementor elementor-12461 elementor-11070\" data-elementor-post-type=\"page\">\n\t\t\t\t\t\t<section class=\"elementor-section elementor-top-section elementor-element elementor-element-5b90f52 rpadding-96-48 darkblue elementor-section-boxed elementor-section-height-default elementor-section-height-default qodef-elementor-content-no\" data-id=\"5b90f52\" data-element_type=\"section\" data-settings=\"{&quot;background_background&quot;:&quot;classic&quot;}\">\n\t\t\t\t\t\t<div class=\"elementor-container elementor-column-gap-default\">\n\t\t\t\t\t<div class=\"elementor-column elementor-col-50 elementor-top-column elementor-element elementor-element-b833f62\" data-id=\"b833f62\" data-element_type=\"column\" data-settings=\"{&quot;background_background&quot;:&quot;classic&quot;}\">\n\t\t\t<div class=\"elementor-widget-wrap elementor-element-populated\">\n\t\t\t\t\t\t<div class=\"elementor-element elementor-element-85209ac elementor-widget elementor-widget-geste_core_section_title\" data-id=\"85209ac\" data-element_type=\"widget\" data-widget_type=\"geste_core_section_title.default\">\n\t\t\t\t<div class=\"elementor-widget-container\">\n\t\t\t\t\t<div class=\"qodef-shortcode qodef-m  qodef-section-title qodef-alignment--left  \">\n\t\t\t<h2 class=\"qodef-m-title\" style=\"color: #FFFFFF\">\n\t\t\t\t\t  Support &amp; Wartungsvertrag\t\t\t<\/h2>\n\t\t<h6 class=\"qodef-m-subtitle\" style=\"color: #FFFFFF\">\n\t\tDer Wartungs- und Supportservice wird direkt von den Entwicklerinnen\/Entwicklern unseres ERP-Systems erbracht. Sie sind verf\u00fcgbar und reaktiv und garantieren Ihnen einen erstklassigen Support in k\u00fcrzester Zeit.\t<\/h6>\n\t\t<\/div>\n\t\t\t\t<\/div>\n\t\t\t\t<\/div>\n\t\t\t\t<div class=\"elementor-element elementor-element-53c15ed elementor-widget elementor-widget-geste_core_icon_with_text\" data-id=\"53c15ed\" data-element_type=\"widget\" data-widget_type=\"geste_core_icon_with_text.default\">\n\t\t\t\t<div class=\"elementor-widget-container\">\n\t\t\t\t\t<div class=\"qodef-shortcode qodef-m  qodef-icon-with-text qodef-layout--top qodef--custom-icon   qodef-alignment--center\">\n\t<div class=\"qodef-m-icon-wrapper\" >\n\t\t\t\t\t<img decoding=\"async\" width=\"170\" height=\"170\" src=\"https:\/\/geste-info.ch\/wp-content\/uploads\/icon-suppport-1.svg\" class=\"attachment-full size-full\" alt=\"\" \/>\t\t<\/div>\n\t<div class=\"qodef-m-content\">\n\t\t\t\t\t\t\t<\/div>\n<\/div>\n\t\t\t\t<\/div>\n\t\t\t\t<\/div>\n\t\t\t\t\t<\/div>\n\t\t<\/div>\n\t\t\t\t<div class=\"elementor-column elementor-col-50 elementor-top-column elementor-element elementor-element-47439d2\" data-id=\"47439d2\" data-element_type=\"column\">\n\t\t\t<div class=\"elementor-widget-wrap elementor-element-populated\">\n\t\t\t\t\t\t<div class=\"elementor-element elementor-element-bf69cf5 elementor-widget elementor-widget-text-editor\" data-id=\"bf69cf5\" data-element_type=\"widget\" data-widget_type=\"text-editor.default\">\n\t\t\t\t<div class=\"elementor-widget-container\">\n\t\t\t\t\t\t\t\t\t<p class=\"MsoNormal\"><span lang=\"DE-CH\">Sobald Sie Ihr neues System installiert haben, bieten wir Ihnen einen Softwarewartungsvertrag an, der Ihnen einen automatischen Zugang zu Updates unserer Programme und der Datenbank gew\u00e4hrt. Sie profitieren ausserdem von allen Verbesserungen, die wir regelm\u00e4ssig an unserer L\u00f6sung vornehmen.<\/span><\/p><p class=\"MsoNormal\"><span lang=\"DE-CH\">Ein Zugang zu unserer Hotline ist Ihnen ebenfalls garantiert. W\u00e4hrend der B\u00fcrozeiten beantworten unsere Spezialisten all Ihre m\u00f6glichen Fragen zur Nutzung der Programme oder zu den damit verbundenen Problemen. In den meisten F\u00e4llen kann die L\u00f6sung eines Problems ohne Weiteres aus der Ferne \u00fcber unser Hands-on-Programm erfolgen, ohne dass unsere Ingenieure vor Ort sein m\u00fcssen. Diese Art der Intervention beg\u00fcnstigt eine praktisch sofortige Reaktionszeit.<\/span><\/p>\t\t\t\t\t\t\t\t<\/div>\n\t\t\t\t<\/div>\n\t\t\t\t<div class=\"elementor-element elementor-element-b6be709 elementor-widget elementor-widget-geste_core_button\" data-id=\"b6be709\" data-element_type=\"widget\" data-widget_type=\"geste_core_button.default\">\n\t\t\t\t<div class=\"elementor-widget-container\">\n\t\t\t\t\t<a class=\"qodef-shortcode qodef-m  qodef-button qodef-layout--filled-one qodef-size--full qodef-html--link \" href=\"https:\/\/geste-info.ch\/download\/TeamViewerQS.exe\" target=\"_self\"  >\n\t<span class=\"qodef-m-text\">UNSER FERNWARTUNGSPROGRAMM HERUNTERLADEN<\/span>\n<\/a>\n\t\t\t\t<\/div>\n\t\t\t\t<\/div>\n\t\t\t\t\t<\/div>\n\t\t<\/div>\n\t\t\t\t\t<\/div>\n\t\t<\/section>\n\t\t\t\t<section class=\"elementor-section elementor-top-section elementor-element elementor-element-055c99b qodef-elementor-content-grid q-padding elementor-section-boxed elementor-section-height-default elementor-section-height-default\" data-id=\"055c99b\" data-element_type=\"section\">\n\t\t\t\t\t\t<div class=\"elementor-container elementor-column-gap-default\">\n\t\t\t\t\t<div class=\"elementor-column elementor-col-100 elementor-top-column elementor-element elementor-element-aa0244c\" data-id=\"aa0244c\" data-element_type=\"column\">\n\t\t\t<div class=\"elementor-widget-wrap elementor-element-populated\">\n\t\t\t\t\t\t<section class=\"elementor-section elementor-inner-section elementor-element elementor-element-0bdd554 elementor-section-full_width elementor-section-height-default elementor-section-height-default qodef-elementor-content-no\" data-id=\"0bdd554\" data-element_type=\"section\">\n\t\t\t\t\t\t<div class=\"elementor-container elementor-column-gap-default\">\n\t\t\t\t\t<div class=\"elementor-column elementor-col-33 elementor-inner-column elementor-element elementor-element-e865de9\" data-id=\"e865de9\" data-element_type=\"column\">\n\t\t\t<div class=\"elementor-widget-wrap\">\n\t\t\t\t\t\t\t<\/div>\n\t\t<\/div>\n\t\t\t\t<div class=\"elementor-column elementor-col-33 elementor-inner-column elementor-element elementor-element-b20a8ea\" data-id=\"b20a8ea\" data-element_type=\"column\">\n\t\t\t<div class=\"elementor-widget-wrap elementor-element-populated\">\n\t\t\t\t\t\t<div class=\"elementor-element elementor-element-f2db4d5 elementor-widget elementor-widget-geste_core_section_title\" data-id=\"f2db4d5\" data-element_type=\"widget\" data-widget_type=\"geste_core_section_title.default\">\n\t\t\t\t<div class=\"elementor-widget-container\">\n\t\t\t\t\t<div class=\"qodef-shortcode qodef-m quote qodef-section-title qodef-alignment--left  \">\n\t\t\t<h2 class=\"qodef-m-title\" >\n\t\t\t\t\tWir bieten Ihnen ein umfassendes Dienstleistungsangebot, das Sie w\u00e4hrend der gesamten Implementierung Ihres ERP-Systems unterst\u00fctzt. Wir stehen Ihnen von der Konzeption bis zum Support zur Seite, ohne die Ausbildung zu vergessen.\t\t\t<\/h2>\n\t\t\t<\/div>\n\t\t\t\t<\/div>\n\t\t\t\t<\/div>\n\t\t\t\t\t<\/div>\n\t\t<\/div>\n\t\t\t\t<div class=\"elementor-column elementor-col-33 elementor-inner-column elementor-element elementor-element-fd08677\" data-id=\"fd08677\" data-element_type=\"column\">\n\t\t\t<div class=\"elementor-widget-wrap\">\n\t\t\t\t\t\t\t<\/div>\n\t\t<\/div>\n\t\t\t\t\t<\/div>\n\t\t<\/section>\n\t\t\t\t\t<\/div>\n\t\t<\/div>\n\t\t\t\t\t<\/div>\n\t\t<\/section>\n\t\t\t\t<\/div>\n\t\t","protected":false},"excerpt":{"rendered":"<p>Support &amp; Wartungsvertrag Der Wartungs- und Supportservice wird direkt von den Entwicklerinnen\/Entwicklern unseres ERP-Systems erbracht. Sie sind verf\u00fcgbar und reaktiv und garantieren Ihnen einen erstklassigen Support in k\u00fcrzester Zeit. Sobald Sie Ihr neues System installiert haben, bieten wir Ihnen einen Softwarewartungsvertrag an, der Ihnen einen automatischen Zugang zu Updates unserer Programme und der Datenbank gew\u00e4hrt. [&hellip;]<\/p>\n","protected":false},"author":1,"featured_media":14524,"parent":0,"menu_order":57,"comment_status":"closed","ping_status":"closed","template":"page-full-width.php","meta":{"inline_featured_image":false,"_monsterinsights_skip_tracking":false,"_monsterinsights_sitenote_active":false,"_monsterinsights_sitenote_note":"","_monsterinsights_sitenote_category":0,"footnotes":"","_links_to":"","_links_to_target":""},"class_list":["post-12461","page","type-page","status-publish","has-post-thumbnail","hentry"],"yoast_head":"<!-- This site is optimized with the Yoast SEO plugin v26.2 - https:\/\/yoast.com\/wordpress\/plugins\/seo\/ -->\n<title>Support DE | Geste Informatique SA<\/title>\n<meta name=\"description\" content=\"Unser reaktionsschneller Wartungs- und Supportservice wird direkt von den Entwicklern unseres ERP-Systems bereitgestellt.\" \/>\n<meta name=\"robots\" content=\"index, follow, max-snippet:-1, max-image-preview:large, max-video-preview:-1\" \/>\n<link rel=\"canonical\" href=\"https:\/\/geste-info.ch\/de\/support-de\/\" \/>\n<meta property=\"og:locale\" content=\"de_DE\" \/>\n<meta property=\"og:type\" content=\"article\" \/>\n<meta property=\"og:title\" content=\"Support DE | Geste Informatique SA\" \/>\n<meta property=\"og:description\" content=\"Unser reaktionsschneller Wartungs- und Supportservice wird direkt von den Entwicklern unseres ERP-Systems bereitgestellt.\" \/>\n<meta property=\"og:url\" content=\"https:\/\/geste-info.ch\/de\/support-de\/\" \/>\n<meta property=\"og:site_name\" content=\"Geste Informatique SA\" \/>\n<meta property=\"article:modified_time\" content=\"2024-12-23T10:22:59+00:00\" \/>\n<meta property=\"og:image\" content=\"https:\/\/geste-info.ch\/wp-content\/uploads\/Support_SEO.png\" \/>\n\t<meta property=\"og:image:width\" content=\"500\" \/>\n\t<meta property=\"og:image:height\" content=\"500\" \/>\n\t<meta property=\"og:image:type\" content=\"image\/png\" \/>\n<meta name=\"twitter:card\" content=\"summary_large_image\" \/>\n<script type=\"application\/ld+json\" class=\"yoast-schema-graph\">{\"@context\":\"https:\/\/schema.org\",\"@graph\":[{\"@type\":\"WebPage\",\"@id\":\"https:\/\/geste-info.ch\/de\/support-de\/\",\"url\":\"https:\/\/geste-info.ch\/de\/support-de\/\",\"name\":\"Support DE | Geste Informatique SA\",\"isPartOf\":{\"@id\":\"https:\/\/geste-info.ch\/de\/#website\"},\"primaryImageOfPage\":{\"@id\":\"https:\/\/geste-info.ch\/de\/support-de\/#primaryimage\"},\"image\":{\"@id\":\"https:\/\/geste-info.ch\/de\/support-de\/#primaryimage\"},\"thumbnailUrl\":\"https:\/\/geste-info.ch\/wp-content\/uploads\/Support_SEO.png\",\"datePublished\":\"2022-04-20T07:54:55+00:00\",\"dateModified\":\"2024-12-23T10:22:59+00:00\",\"description\":\"Unser reaktionsschneller Wartungs- und Supportservice wird direkt von den Entwicklern unseres ERP-Systems bereitgestellt.\",\"breadcrumb\":{\"@id\":\"https:\/\/geste-info.ch\/de\/support-de\/#breadcrumb\"},\"inLanguage\":\"de\",\"potentialAction\":[{\"@type\":\"ReadAction\",\"target\":[\"https:\/\/geste-info.ch\/de\/support-de\/\"]}]},{\"@type\":\"ImageObject\",\"inLanguage\":\"de\",\"@id\":\"https:\/\/geste-info.ch\/de\/support-de\/#primaryimage\",\"url\":\"https:\/\/geste-info.ch\/wp-content\/uploads\/Support_SEO.png\",\"contentUrl\":\"https:\/\/geste-info.ch\/wp-content\/uploads\/Support_SEO.png\",\"width\":500,\"height\":500,\"caption\":\"image support\"},{\"@type\":\"BreadcrumbList\",\"@id\":\"https:\/\/geste-info.ch\/de\/support-de\/#breadcrumb\",\"itemListElement\":[{\"@type\":\"ListItem\",\"position\":1,\"name\":\"Startseite\",\"item\":\"https:\/\/geste-info.ch\/de\/\"},{\"@type\":\"ListItem\",\"position\":2,\"name\":\"Support\"}]},{\"@type\":\"WebSite\",\"@id\":\"https:\/\/geste-info.ch\/de\/#website\",\"url\":\"https:\/\/geste-info.ch\/de\/\",\"name\":\"Geste Informatique SA\",\"description\":\"Solutions ERP suisses innovantes\",\"publisher\":{\"@id\":\"https:\/\/geste-info.ch\/de\/#organization\"},\"potentialAction\":[{\"@type\":\"SearchAction\",\"target\":{\"@type\":\"EntryPoint\",\"urlTemplate\":\"https:\/\/geste-info.ch\/de\/?s={search_term_string}\"},\"query-input\":{\"@type\":\"PropertyValueSpecification\",\"valueRequired\":true,\"valueName\":\"search_term_string\"}}],\"inLanguage\":\"de\"},{\"@type\":\"Organization\",\"@id\":\"https:\/\/geste-info.ch\/de\/#organization\",\"name\":\"Geste Informatique SA\",\"url\":\"https:\/\/geste-info.ch\/de\/\",\"logo\":{\"@type\":\"ImageObject\",\"inLanguage\":\"de\",\"@id\":\"https:\/\/geste-info.ch\/de\/#\/schema\/logo\/image\/\",\"url\":\"https:\/\/geste-info.ch\/wp-content\/uploads\/Logo_Site.png\",\"contentUrl\":\"https:\/\/geste-info.ch\/wp-content\/uploads\/Logo_Site.png\",\"width\":150,\"height\":150,\"caption\":\"Geste Informatique SA\"},\"image\":{\"@id\":\"https:\/\/geste-info.ch\/de\/#\/schema\/logo\/image\/\"}}]}<\/script>\n<!-- \/ Yoast SEO plugin. -->","yoast_head_json":{"title":"Support DE | Geste Informatique SA","description":"Unser reaktionsschneller Wartungs- und Supportservice wird direkt von den Entwicklern unseres ERP-Systems bereitgestellt.","robots":{"index":"index","follow":"follow","max-snippet":"max-snippet:-1","max-image-preview":"max-image-preview:large","max-video-preview":"max-video-preview:-1"},"canonical":"https:\/\/geste-info.ch\/de\/support-de\/","og_locale":"de_DE","og_type":"article","og_title":"Support DE | Geste Informatique SA","og_description":"Unser reaktionsschneller Wartungs- und Supportservice wird direkt von den Entwicklern unseres ERP-Systems bereitgestellt.","og_url":"https:\/\/geste-info.ch\/de\/support-de\/","og_site_name":"Geste Informatique SA","article_modified_time":"2024-12-23T10:22:59+00:00","og_image":[{"width":500,"height":500,"url":"https:\/\/geste-info.ch\/wp-content\/uploads\/Support_SEO.png","type":"image\/png"}],"twitter_card":"summary_large_image","schema":{"@context":"https:\/\/schema.org","@graph":[{"@type":"WebPage","@id":"https:\/\/geste-info.ch\/de\/support-de\/","url":"https:\/\/geste-info.ch\/de\/support-de\/","name":"Support DE | Geste Informatique SA","isPartOf":{"@id":"https:\/\/geste-info.ch\/de\/#website"},"primaryImageOfPage":{"@id":"https:\/\/geste-info.ch\/de\/support-de\/#primaryimage"},"image":{"@id":"https:\/\/geste-info.ch\/de\/support-de\/#primaryimage"},"thumbnailUrl":"https:\/\/geste-info.ch\/wp-content\/uploads\/Support_SEO.png","datePublished":"2022-04-20T07:54:55+00:00","dateModified":"2024-12-23T10:22:59+00:00","description":"Unser reaktionsschneller Wartungs- und Supportservice wird direkt von den Entwicklern unseres ERP-Systems bereitgestellt.","breadcrumb":{"@id":"https:\/\/geste-info.ch\/de\/support-de\/#breadcrumb"},"inLanguage":"de","potentialAction":[{"@type":"ReadAction","target":["https:\/\/geste-info.ch\/de\/support-de\/"]}]},{"@type":"ImageObject","inLanguage":"de","@id":"https:\/\/geste-info.ch\/de\/support-de\/#primaryimage","url":"https:\/\/geste-info.ch\/wp-content\/uploads\/Support_SEO.png","contentUrl":"https:\/\/geste-info.ch\/wp-content\/uploads\/Support_SEO.png","width":500,"height":500,"caption":"image support"},{"@type":"BreadcrumbList","@id":"https:\/\/geste-info.ch\/de\/support-de\/#breadcrumb","itemListElement":[{"@type":"ListItem","position":1,"name":"Startseite","item":"https:\/\/geste-info.ch\/de\/"},{"@type":"ListItem","position":2,"name":"Support"}]},{"@type":"WebSite","@id":"https:\/\/geste-info.ch\/de\/#website","url":"https:\/\/geste-info.ch\/de\/","name":"Geste Informatique SA","description":"Solutions ERP suisses innovantes","publisher":{"@id":"https:\/\/geste-info.ch\/de\/#organization"},"potentialAction":[{"@type":"SearchAction","target":{"@type":"EntryPoint","urlTemplate":"https:\/\/geste-info.ch\/de\/?s={search_term_string}"},"query-input":{"@type":"PropertyValueSpecification","valueRequired":true,"valueName":"search_term_string"}}],"inLanguage":"de"},{"@type":"Organization","@id":"https:\/\/geste-info.ch\/de\/#organization","name":"Geste Informatique SA","url":"https:\/\/geste-info.ch\/de\/","logo":{"@type":"ImageObject","inLanguage":"de","@id":"https:\/\/geste-info.ch\/de\/#\/schema\/logo\/image\/","url":"https:\/\/geste-info.ch\/wp-content\/uploads\/Logo_Site.png","contentUrl":"https:\/\/geste-info.ch\/wp-content\/uploads\/Logo_Site.png","width":150,"height":150,"caption":"Geste Informatique SA"},"image":{"@id":"https:\/\/geste-info.ch\/de\/#\/schema\/logo\/image\/"}}]}},"_links":{"self":[{"href":"https:\/\/geste-info.ch\/de\/wp-json\/wp\/v2\/pages\/12461","targetHints":{"allow":["GET"]}}],"collection":[{"href":"https:\/\/geste-info.ch\/de\/wp-json\/wp\/v2\/pages"}],"about":[{"href":"https:\/\/geste-info.ch\/de\/wp-json\/wp\/v2\/types\/page"}],"author":[{"embeddable":true,"href":"https:\/\/geste-info.ch\/de\/wp-json\/wp\/v2\/users\/1"}],"replies":[{"embeddable":true,"href":"https:\/\/geste-info.ch\/de\/wp-json\/wp\/v2\/comments?post=12461"}],"version-history":[{"count":19,"href":"https:\/\/geste-info.ch\/de\/wp-json\/wp\/v2\/pages\/12461\/revisions"}],"predecessor-version":[{"id":18652,"href":"https:\/\/geste-info.ch\/de\/wp-json\/wp\/v2\/pages\/12461\/revisions\/18652"}],"wp:featuredmedia":[{"embeddable":true,"href":"https:\/\/geste-info.ch\/de\/wp-json\/wp\/v2\/media\/14524"}],"wp:attachment":[{"href":"https:\/\/geste-info.ch\/de\/wp-json\/wp\/v2\/media?parent=12461"}],"curies":[{"name":"wp","href":"https:\/\/api.w.org\/{rel}","templated":true}]}}