{"id":12460,"date":"2022-03-12T08:33:25","date_gmt":"2022-03-12T07:33:25","guid":{"rendered":"https:\/\/gestedev.ch\/politique-de-confidentialite\/"},"modified":"2023-09-12T15:21:05","modified_gmt":"2023-09-12T13:21:05","slug":"datenschutzpolitik","status":"publish","type":"page","link":"https:\/\/geste-info.ch\/de\/datenschutzpolitik\/","title":{"rendered":"Datenschutzpolitik"},"content":{"rendered":"\t\t<div data-elementor-type=\"wp-page\" data-elementor-id=\"12460\" class=\"elementor elementor-12460 elementor-3\" data-elementor-post-type=\"page\">\n\t\t\t\t\t\t<section class=\"elementor-section elementor-top-section elementor-element elementor-element-1f67a389 elementor-section-boxed elementor-section-height-default elementor-section-height-default qodef-elementor-content-no\" data-id=\"1f67a389\" data-element_type=\"section\">\n\t\t\t\t\t\t<div class=\"elementor-container elementor-column-gap-default\">\n\t\t\t\t\t<div class=\"elementor-column elementor-col-100 elementor-top-column elementor-element elementor-element-163c518a\" data-id=\"163c518a\" data-element_type=\"column\">\n\t\t\t<div class=\"elementor-widget-wrap elementor-element-populated\">\n\t\t\t\t\t\t<div class=\"elementor-element elementor-element-3e6d4ba8 elementor-widget elementor-widget-text-editor\" data-id=\"3e6d4ba8\" data-element_type=\"widget\" data-widget_type=\"text-editor.default\">\n\t\t\t\t<div class=\"elementor-widget-container\">\n\t\t\t\t\t\t\t\t\t<h2><strong>Allgemeines<\/strong><\/h2><p>Der Schutz der Privatsph\u00e4re ist uns ein besonderes Anliegen. Deshalb verpflichten wir uns, die Vertraulichkeit der pers\u00f6nlichen Informationen, die wir \u00fcber unsere Website sammeln, zu wahren.<\/p><p>Als Schweizer Unternehmen halten wir uns an das neue Bundesgesetz \u00fcber den Datenschutz (revDSG) und setzen alles daran, die Datenschutz-Grundverordnung der Europ\u00e4ischen Union (DSGVO) einzuhalten.<\/p><h2><strong>Erhebung von pers\u00f6nlichen Daten<\/strong><\/h2><p>Die von uns gesammelten pers\u00f6nlichen Daten werden anhand von Formularen gesammelt, die auf unserer Website zur Verf\u00fcgung stehen und die Sie mit Ihren pers\u00f6nlichen Daten ausf\u00fcllen, um Kontakt zu unserem Unternehmen aufzunehmen. Wir sammeln nur die Informationen, die Sie uns zur Verf\u00fcgung stellen.<\/p><p>Indem Sie uns Ihre pers\u00f6nlichen Daten zur Verf\u00fcgung stellen, erkl\u00e4ren Sie sich damit einverstanden, dass Ihre pers\u00f6nlichen Daten gespeichert und verarbeitet werden, damit wir Sie auf Ihre Anfrage hin kontaktieren und Ihnen zu Informations- und Marketingzwecken unseren Newsletter zusenden k\u00f6nnen.<\/p><p>Diese Daten werden unter keinen Umst\u00e4nden an Dritte weitergegeben oder weiterverkauft.<\/p><h2><strong>Recht auf Widerruf und Berichtigung<\/strong><\/h2><p>Gem\u00e4ss dem neuen Bundesgesetz \u00fcber den Datenschutz <span style=\"background-color: #ffffff; letter-spacing: 0px; text-transform: initial;\">(revDSG)<\/span><span style=\"background-color: #ffffff; letter-spacing: 0px; text-transform: initial;\">\u00a0<\/span><span style=\"letter-spacing: 0px; text-transform: initial;\">haben Sie ein Recht auf Information, Widerspruch, Zugang und Berichtigung Ihrer Daten.<\/span><\/p><p>Daher haben Sie das Recht zu verlangen, dass Ihre Angaben berichtigt, erg\u00e4nzt, pr\u00e4zisiert, aktualisiert oder gel\u00f6scht werden.<\/p><p>Dieses Recht kann unter folgender Adresse ausge\u00fcbt werden: info@geste-info.ch.<\/p><h2><strong>Newsletter<\/strong><\/h2><p>Mit unserem Newsletter senden wir Ihnen verschiedene Informationen zu. Sie k\u00f6nnen Ihre Anmeldung jederzeit widerrufen, indem Sie uns unter der Adresse <a href=\"mailto:info@geste-info.ch\">info@geste-info.ch<\/a> kontaktieren.<\/p><h2><strong>Gesetzgebung<\/strong><\/h2><p>Diese Datenschutzerkl\u00e4rung st\u00fctzt sich ausschliesslich auf das neue Bundesgesetz \u00fcber den Datenschutz (DSG).<\/p><h2><strong>Allgemeine Datenschutzpolitik<\/strong><\/h2><div><div>Aufgrund des neuen Datenschutzgesetzes (<span style=\"background-color: #ffffff;\">revDSG<\/span>), das seit dem 1. September in Kraft ist, haben wir unsere Datenschutzerkl\u00e4rungen und die darin enthaltenen Informationspflichten angepasst und formuliert.\u00a0<\/div><div>\u00a0<\/div><div>Wenn Sie mehr dar\u00fcber erfahren m\u00f6chten, k\u00f6nnen Sie \u00fcber <a href=\"https:\/\/geste-info.ch\/wp-content\/uploads\/Politique-generale-protection-des-donnees_GI_09_2023.pdf\" target=\"_blank\" rel=\"noopener\">diesen Link<\/a> auf das Dokument zu unserer allgemeinen Datenschutzpolitik zugreifen.<\/div><\/div>\t\t\t\t\t\t\t\t<\/div>\n\t\t\t\t<\/div>\n\t\t\t\t\t<\/div>\n\t\t<\/div>\n\t\t\t\t\t<\/div>\n\t\t<\/section>\n\t\t\t\t<\/div>\n\t\t","protected":false},"excerpt":{"rendered":"<p>Allgemeines Der Schutz der Privatsph\u00e4re ist uns ein besonderes Anliegen. Deshalb verpflichten wir uns, die Vertraulichkeit der pers\u00f6nlichen Informationen, die wir \u00fcber unsere Website sammeln, zu wahren. Als Schweizer Unternehmen halten wir uns an das neue Bundesgesetz \u00fcber den Datenschutz (revDSG) und setzen alles daran, die Datenschutz-Grundverordnung der Europ\u00e4ischen Union (DSGVO) einzuhalten. Erhebung von pers\u00f6nlichen [&hellip;]<\/p>\n","protected":false},"author":1,"featured_media":14521,"parent":0,"menu_order":54,"comment_status":"closed","ping_status":"closed","template":"","meta":{"inline_featured_image":false,"_monsterinsights_skip_tracking":false,"_monsterinsights_sitenote_active":false,"_monsterinsights_sitenote_note":"","_monsterinsights_sitenote_category":0,"footnotes":"","_links_to":"","_links_to_target":""},"class_list":["post-12460","page","type-page","status-publish","has-post-thumbnail","hentry"],"yoast_head":"<!-- This site is optimized with the Yoast SEO plugin v26.2 - https:\/\/yoast.com\/wordpress\/plugins\/seo\/ -->\n<title>Datenschutzpolitik | Geste Informatique SA<\/title>\n<meta name=\"description\" content=\"Wir verpflichten uns, die Vertraulichkeit der personenbezogenen Daten, die wir \u00fcber unsere Website erfassen, zu respektieren.\" \/>\n<meta name=\"robots\" content=\"index, follow, max-snippet:-1, max-image-preview:large, max-video-preview:-1\" \/>\n<link rel=\"canonical\" href=\"https:\/\/geste-info.ch\/de\/datenschutzpolitik\/\" \/>\n<meta property=\"og:locale\" content=\"de_DE\" \/>\n<meta property=\"og:type\" content=\"article\" \/>\n<meta property=\"og:title\" content=\"Datenschutzpolitik | Geste Informatique SA\" \/>\n<meta property=\"og:description\" content=\"Wir verpflichten uns, die Vertraulichkeit der personenbezogenen Daten, die wir \u00fcber unsere Website erfassen, zu respektieren.\" \/>\n<meta property=\"og:url\" content=\"https:\/\/geste-info.ch\/de\/datenschutzpolitik\/\" \/>\n<meta property=\"og:site_name\" content=\"Geste Informatique SA\" \/>\n<meta property=\"article:modified_time\" content=\"2023-09-12T13:21:05+00:00\" \/>\n<meta property=\"og:image\" content=\"https:\/\/geste-info.ch\/wp-content\/uploads\/Privacy_SEO.png\" \/>\n\t<meta property=\"og:image:width\" content=\"500\" \/>\n\t<meta property=\"og:image:height\" content=\"500\" \/>\n\t<meta property=\"og:image:type\" content=\"image\/png\" \/>\n<meta name=\"twitter:card\" content=\"summary_large_image\" \/>\n<script type=\"application\/ld+json\" class=\"yoast-schema-graph\">{\"@context\":\"https:\/\/schema.org\",\"@graph\":[{\"@type\":\"WebPage\",\"@id\":\"https:\/\/geste-info.ch\/de\/datenschutzpolitik\/\",\"url\":\"https:\/\/geste-info.ch\/de\/datenschutzpolitik\/\",\"name\":\"Datenschutzpolitik | Geste Informatique SA\",\"isPartOf\":{\"@id\":\"http:\/\/geste-info.ch\/de\/#website\"},\"primaryImageOfPage\":{\"@id\":\"https:\/\/geste-info.ch\/de\/datenschutzpolitik\/#primaryimage\"},\"image\":{\"@id\":\"https:\/\/geste-info.ch\/de\/datenschutzpolitik\/#primaryimage\"},\"thumbnailUrl\":\"https:\/\/geste-info.ch\/wp-content\/uploads\/Privacy_SEO.png\",\"datePublished\":\"2022-03-12T07:33:25+00:00\",\"dateModified\":\"2023-09-12T13:21:05+00:00\",\"description\":\"Wir verpflichten uns, die Vertraulichkeit der personenbezogenen Daten, die wir \u00fcber unsere Website erfassen, zu respektieren.\",\"breadcrumb\":{\"@id\":\"https:\/\/geste-info.ch\/de\/datenschutzpolitik\/#breadcrumb\"},\"inLanguage\":\"de\",\"potentialAction\":[{\"@type\":\"ReadAction\",\"target\":[\"https:\/\/geste-info.ch\/de\/datenschutzpolitik\/\"]}]},{\"@type\":\"ImageObject\",\"inLanguage\":\"de\",\"@id\":\"https:\/\/geste-info.ch\/de\/datenschutzpolitik\/#primaryimage\",\"url\":\"https:\/\/geste-info.ch\/wp-content\/uploads\/Privacy_SEO.png\",\"contentUrl\":\"https:\/\/geste-info.ch\/wp-content\/uploads\/Privacy_SEO.png\",\"width\":500,\"height\":500,\"caption\":\"image privacy\"},{\"@type\":\"BreadcrumbList\",\"@id\":\"https:\/\/geste-info.ch\/de\/datenschutzpolitik\/#breadcrumb\",\"itemListElement\":[{\"@type\":\"ListItem\",\"position\":1,\"name\":\"Startseite\",\"item\":\"https:\/\/geste-info.ch\/de\/\"},{\"@type\":\"ListItem\",\"position\":2,\"name\":\"Datenschutzpolitik\"}]},{\"@type\":\"WebSite\",\"@id\":\"http:\/\/geste-info.ch\/de\/#website\",\"url\":\"http:\/\/geste-info.ch\/de\/\",\"name\":\"Geste Informatique SA\",\"description\":\"Solutions ERP suisses innovantes\",\"publisher\":{\"@id\":\"http:\/\/geste-info.ch\/de\/#organization\"},\"potentialAction\":[{\"@type\":\"SearchAction\",\"target\":{\"@type\":\"EntryPoint\",\"urlTemplate\":\"http:\/\/geste-info.ch\/de\/?s={search_term_string}\"},\"query-input\":{\"@type\":\"PropertyValueSpecification\",\"valueRequired\":true,\"valueName\":\"search_term_string\"}}],\"inLanguage\":\"de\"},{\"@type\":\"Organization\",\"@id\":\"http:\/\/geste-info.ch\/de\/#organization\",\"name\":\"Geste Informatique SA\",\"url\":\"http:\/\/geste-info.ch\/de\/\",\"logo\":{\"@type\":\"ImageObject\",\"inLanguage\":\"de\",\"@id\":\"http:\/\/geste-info.ch\/de\/#\/schema\/logo\/image\/\",\"url\":\"https:\/\/geste-info.ch\/wp-content\/uploads\/Logo_Site.png\",\"contentUrl\":\"https:\/\/geste-info.ch\/wp-content\/uploads\/Logo_Site.png\",\"width\":150,\"height\":150,\"caption\":\"Geste Informatique SA\"},\"image\":{\"@id\":\"http:\/\/geste-info.ch\/de\/#\/schema\/logo\/image\/\"}}]}<\/script>\n<!-- \/ Yoast SEO plugin. -->","yoast_head_json":{"title":"Datenschutzpolitik | Geste Informatique SA","description":"Wir verpflichten uns, die Vertraulichkeit der personenbezogenen Daten, die wir \u00fcber unsere Website erfassen, zu respektieren.","robots":{"index":"index","follow":"follow","max-snippet":"max-snippet:-1","max-image-preview":"max-image-preview:large","max-video-preview":"max-video-preview:-1"},"canonical":"https:\/\/geste-info.ch\/de\/datenschutzpolitik\/","og_locale":"de_DE","og_type":"article","og_title":"Datenschutzpolitik | Geste Informatique SA","og_description":"Wir verpflichten uns, die Vertraulichkeit der personenbezogenen Daten, die wir \u00fcber unsere Website erfassen, zu respektieren.","og_url":"https:\/\/geste-info.ch\/de\/datenschutzpolitik\/","og_site_name":"Geste Informatique SA","article_modified_time":"2023-09-12T13:21:05+00:00","og_image":[{"width":500,"height":500,"url":"https:\/\/geste-info.ch\/wp-content\/uploads\/Privacy_SEO.png","type":"image\/png"}],"twitter_card":"summary_large_image","schema":{"@context":"https:\/\/schema.org","@graph":[{"@type":"WebPage","@id":"https:\/\/geste-info.ch\/de\/datenschutzpolitik\/","url":"https:\/\/geste-info.ch\/de\/datenschutzpolitik\/","name":"Datenschutzpolitik | Geste Informatique SA","isPartOf":{"@id":"http:\/\/geste-info.ch\/de\/#website"},"primaryImageOfPage":{"@id":"https:\/\/geste-info.ch\/de\/datenschutzpolitik\/#primaryimage"},"image":{"@id":"https:\/\/geste-info.ch\/de\/datenschutzpolitik\/#primaryimage"},"thumbnailUrl":"https:\/\/geste-info.ch\/wp-content\/uploads\/Privacy_SEO.png","datePublished":"2022-03-12T07:33:25+00:00","dateModified":"2023-09-12T13:21:05+00:00","description":"Wir verpflichten uns, die Vertraulichkeit der personenbezogenen Daten, die wir \u00fcber unsere Website erfassen, zu respektieren.","breadcrumb":{"@id":"https:\/\/geste-info.ch\/de\/datenschutzpolitik\/#breadcrumb"},"inLanguage":"de","potentialAction":[{"@type":"ReadAction","target":["https:\/\/geste-info.ch\/de\/datenschutzpolitik\/"]}]},{"@type":"ImageObject","inLanguage":"de","@id":"https:\/\/geste-info.ch\/de\/datenschutzpolitik\/#primaryimage","url":"https:\/\/geste-info.ch\/wp-content\/uploads\/Privacy_SEO.png","contentUrl":"https:\/\/geste-info.ch\/wp-content\/uploads\/Privacy_SEO.png","width":500,"height":500,"caption":"image privacy"},{"@type":"BreadcrumbList","@id":"https:\/\/geste-info.ch\/de\/datenschutzpolitik\/#breadcrumb","itemListElement":[{"@type":"ListItem","position":1,"name":"Startseite","item":"https:\/\/geste-info.ch\/de\/"},{"@type":"ListItem","position":2,"name":"Datenschutzpolitik"}]},{"@type":"WebSite","@id":"http:\/\/geste-info.ch\/de\/#website","url":"http:\/\/geste-info.ch\/de\/","name":"Geste Informatique SA","description":"Solutions ERP suisses innovantes","publisher":{"@id":"http:\/\/geste-info.ch\/de\/#organization"},"potentialAction":[{"@type":"SearchAction","target":{"@type":"EntryPoint","urlTemplate":"http:\/\/geste-info.ch\/de\/?s={search_term_string}"},"query-input":{"@type":"PropertyValueSpecification","valueRequired":true,"valueName":"search_term_string"}}],"inLanguage":"de"},{"@type":"Organization","@id":"http:\/\/geste-info.ch\/de\/#organization","name":"Geste Informatique SA","url":"http:\/\/geste-info.ch\/de\/","logo":{"@type":"ImageObject","inLanguage":"de","@id":"http:\/\/geste-info.ch\/de\/#\/schema\/logo\/image\/","url":"https:\/\/geste-info.ch\/wp-content\/uploads\/Logo_Site.png","contentUrl":"https:\/\/geste-info.ch\/wp-content\/uploads\/Logo_Site.png","width":150,"height":150,"caption":"Geste Informatique SA"},"image":{"@id":"http:\/\/geste-info.ch\/de\/#\/schema\/logo\/image\/"}}]}},"_links":{"self":[{"href":"https:\/\/geste-info.ch\/de\/wp-json\/wp\/v2\/pages\/12460","targetHints":{"allow":["GET"]}}],"collection":[{"href":"https:\/\/geste-info.ch\/de\/wp-json\/wp\/v2\/pages"}],"about":[{"href":"https:\/\/geste-info.ch\/de\/wp-json\/wp\/v2\/types\/page"}],"author":[{"embeddable":true,"href":"https:\/\/geste-info.ch\/de\/wp-json\/wp\/v2\/users\/1"}],"replies":[{"embeddable":true,"href":"https:\/\/geste-info.ch\/de\/wp-json\/wp\/v2\/comments?post=12460"}],"version-history":[{"count":18,"href":"https:\/\/geste-info.ch\/de\/wp-json\/wp\/v2\/pages\/12460\/revisions"}],"predecessor-version":[{"id":17853,"href":"https:\/\/geste-info.ch\/de\/wp-json\/wp\/v2\/pages\/12460\/revisions\/17853"}],"wp:featuredmedia":[{"embeddable":true,"href":"https:\/\/geste-info.ch\/de\/wp-json\/wp\/v2\/media\/14521"}],"wp:attachment":[{"href":"https:\/\/geste-info.ch\/de\/wp-json\/wp\/v2\/media?parent=12460"}],"curies":[{"name":"wp","href":"https:\/\/api.w.org\/{rel}","templated":true}]}}