{"id":12458,"date":"2022-03-09T21:03:00","date_gmt":"2022-03-09T20:03:00","guid":{"rendered":"https:\/\/gestedev.ch\/contact\/"},"modified":"2025-11-10T15:57:14","modified_gmt":"2025-11-10T14:57:14","slug":"kontakt","status":"publish","type":"page","link":"https:\/\/geste-info.ch\/de\/kontakt\/","title":{"rendered":"Kontakt"},"content":{"rendered":"\t\t<div data-elementor-type=\"wp-page\" data-elementor-id=\"12458\" class=\"elementor elementor-12458 elementor-27\" data-elementor-post-type=\"page\">\n\t\t\t\t\t\t<section class=\"elementor-section elementor-top-section elementor-element elementor-element-a700ae7 qodef-elementor-content-grid q-padding elementor-section-boxed elementor-section-height-default elementor-section-height-default\" data-id=\"a700ae7\" data-element_type=\"section\">\n\t\t\t\t\t\t<div class=\"elementor-container elementor-column-gap-default\">\n\t\t\t\t\t<div class=\"elementor-column elementor-col-100 elementor-top-column elementor-element elementor-element-37cd4ab\" data-id=\"37cd4ab\" data-element_type=\"column\">\n\t\t\t<div class=\"elementor-widget-wrap elementor-element-populated\">\n\t\t\t\t\t\t<section class=\"elementor-section elementor-inner-section elementor-element elementor-element-7699f3c elementor-section-full_width elementor-section-height-default elementor-section-height-default qodef-elementor-content-no\" data-id=\"7699f3c\" data-element_type=\"section\">\n\t\t\t\t\t\t<div class=\"elementor-container elementor-column-gap-default\">\n\t\t\t\t\t<div class=\"elementor-column elementor-col-33 elementor-inner-column elementor-element elementor-element-5f92703\" data-id=\"5f92703\" data-element_type=\"column\">\n\t\t\t<div class=\"elementor-widget-wrap\">\n\t\t\t\t\t\t\t<\/div>\n\t\t<\/div>\n\t\t\t\t<div class=\"elementor-column elementor-col-33 elementor-inner-column elementor-element elementor-element-0c6b644\" data-id=\"0c6b644\" data-element_type=\"column\">\n\t\t\t<div class=\"elementor-widget-wrap elementor-element-populated\">\n\t\t\t\t\t\t<div class=\"elementor-element elementor-element-a36ae9e elementor-widget elementor-widget-geste_core_section_title\" data-id=\"a36ae9e\" data-element_type=\"widget\" data-widget_type=\"geste_core_section_title.default\">\n\t\t\t\t<div class=\"elementor-widget-container\">\n\t\t\t\t\t<div class=\"qodef-shortcode qodef-m quote qodef-section-title qodef-alignment--left  \">\n\t\t\t<h2 class=\"qodef-m-title\" >\n\t\t\t\t\tSie suchen eine L\u00f6sung, die Ihre Prozesse optimiert, Ihre Produktivit\u00e4t steigert und sich flexibel an Ihre Arbeitsweise anpasst?\t\t\t<\/h2>\n\t\t\t<\/div>\n\t\t\t\t<\/div>\n\t\t\t\t<\/div>\n\t\t\t\t<div class=\"elementor-element elementor-element-eb0af02 elementor-widget elementor-widget-text-editor\" data-id=\"eb0af02\" data-element_type=\"widget\" data-widget_type=\"text-editor.default\">\n\t\t\t\t<div class=\"elementor-widget-container\">\n\t\t\t\t\t\t\t\t\t<h6><strong><span style=\"color: #ff9900;\">Wir stehen Ihnen gerne zur Verf\u00fcgung, um Ihre Fragen zu beantworten und Sie bei Ihrem Projekt zu unterst\u00fctzen.<\/span><\/strong><\/h6><p>Egal, ob Sie mehr Informationen zu unseren L\u00f6sungen w\u00fcnschen oder eine individuelle Demonstration planen m\u00f6chten \u2013 unsere Spezialisten sind f\u00fcr Sie da. Sie stellen Ihnen gerne unser Unternehmen sowie die zahlreichen Funktionen unseres ERP Agora vor und beraten Sie individuell nach Ihren spezifischen Anforderungen.<\/p><p>Wir laden Sie ein, das untenstehende Formular auszuf\u00fcllen und uns mehr \u00fcber Ihre Branche und Ihre Erwartungen mitzuteilen, damit wir Ihnen eine ma\u00dfgeschneiderte L\u00f6sung anbieten k\u00f6nnen.<\/p><p>Wir freuen uns darauf, Sie zu den passenden L\u00f6sungen und Dienstleistungen zu beraten, die Ihre Unternehmensf\u00fchrung verbessern.<\/p>\t\t\t\t\t\t\t\t<\/div>\n\t\t\t\t<\/div>\n\t\t\t\t\t<\/div>\n\t\t<\/div>\n\t\t\t\t<div class=\"elementor-column elementor-col-33 elementor-inner-column elementor-element elementor-element-ebb5e08\" data-id=\"ebb5e08\" data-element_type=\"column\">\n\t\t\t<div class=\"elementor-widget-wrap\">\n\t\t\t\t\t\t\t<\/div>\n\t\t<\/div>\n\t\t\t\t\t<\/div>\n\t\t<\/section>\n\t\t\t\t\t<\/div>\n\t\t<\/div>\n\t\t\t\t\t<\/div>\n\t\t<\/section>\n\t\t\t\t<section class=\"elementor-section elementor-top-section elementor-element elementor-element-b9b0b9b elementor-section-full_width elementor-section-height-default elementor-section-height-default qodef-elementor-content-no\" data-id=\"b9b0b9b\" data-element_type=\"section\" data-settings=\"{&quot;background_background&quot;:&quot;classic&quot;}\">\n\t\t\t\t\t\t<div class=\"elementor-container elementor-column-gap-default\">\n\t\t\t\t\t<div class=\"elementor-column elementor-col-100 elementor-top-column elementor-element elementor-element-44f87f9\" data-id=\"44f87f9\" data-element_type=\"column\">\n\t\t\t<div class=\"elementor-widget-wrap elementor-element-populated\">\n\t\t\t\t\t\t<section class=\"elementor-section elementor-inner-section elementor-element elementor-element-1af2661 elementor-section-boxed elementor-section-height-default elementor-section-height-default qodef-elementor-content-no\" data-id=\"1af2661\" data-element_type=\"section\">\n\t\t\t\t\t\t<div class=\"elementor-container elementor-column-gap-default\">\n\t\t\t\t\t<div class=\"elementor-column elementor-col-100 elementor-inner-column elementor-element elementor-element-8e04e00\" data-id=\"8e04e00\" data-element_type=\"column\">\n\t\t\t<div class=\"elementor-widget-wrap elementor-element-populated\">\n\t\t\t\t\t\t<div class=\"elementor-element elementor-element-60b2ba4 elementor-widget elementor-widget-geste_core_section_title\" data-id=\"60b2ba4\" data-element_type=\"widget\" data-widget_type=\"geste_core_section_title.default\">\n\t\t\t\t<div class=\"elementor-widget-container\">\n\t\t\t\t\t<div class=\"qodef-shortcode qodef-m  qodef-section-title qodef-alignment--center  \">\n\t\t\t<h2 class=\"qodef-m-title\" >\n\t\t\t\t\tFormular\t\t\t<\/h2>\n\t\t\t<\/div>\n\t\t\t\t<\/div>\n\t\t\t\t<\/div>\n\t\t\t\t<div class=\"elementor-element elementor-element-c9ca951 elementor-widget elementor-widget-qi_addons_for_elementor_contact_form_7\" data-id=\"c9ca951\" data-element_type=\"widget\" data-widget_type=\"qi_addons_for_elementor_contact_form_7.default\">\n\t\t\t\t<div class=\"elementor-widget-container\">\n\t\t\t\t\t<div class=\"qodef-shortcode qodef-m qodef-qi-contact-form-7\">\n\t\n<div class=\"wpcf7 no-js\" id=\"wpcf7-f12650-o1\" lang=\"de-DE\" dir=\"ltr\" data-wpcf7-id=\"12650\">\n<div class=\"screen-reader-response\"><p role=\"status\" aria-live=\"polite\" aria-atomic=\"true\"><\/p> <ul><\/ul><\/div>\n<form action=\"\/de\/wp-json\/wp\/v2\/pages\/12458#wpcf7-f12650-o1\" method=\"post\" class=\"wpcf7-form init\" aria-label=\"Kontaktformular\" novalidate=\"novalidate\" data-status=\"init\">\n<fieldset class=\"hidden-fields-container\"><input type=\"hidden\" name=\"_wpcf7\" value=\"12650\" \/><input type=\"hidden\" name=\"_wpcf7_version\" value=\"6.1.3\" \/><input type=\"hidden\" name=\"_wpcf7_locale\" value=\"de_DE\" \/><input type=\"hidden\" name=\"_wpcf7_unit_tag\" value=\"wpcf7-f12650-o1\" \/><input type=\"hidden\" name=\"_wpcf7_container_post\" value=\"0\" \/><input type=\"hidden\" name=\"_wpcf7_posted_data_hash\" value=\"\" \/><input type=\"hidden\" name=\"_wpcf7_recaptcha_response\" value=\"\" \/>\n<\/fieldset>\n<div class=\"qodef-m-two-cols qodef-grid qodef-layout--columns qodef-col-num--2 qodef-responsive--custom qodef-col-num--1440--2 qodef-col-num--1366--2 qodef-col-num--1024--2 qodef-col-num--768--1 qodef-col-num--680--1 qodef-col-num--480--1\">\n<div class=\"qodef-grid-inner\">\n<div class=\"qodef-grid-item\">\n<span class=\"wpcf7-form-control-wrap\" data-name=\"last-name\"><input size=\"40\" maxlength=\"400\" class=\"wpcf7-form-control wpcf7-text wpcf7-validates-as-required\" aria-required=\"true\" aria-invalid=\"false\" placeholder=\"Name*\" value=\"\" type=\"text\" name=\"last-name\" \/><\/span>\n<span class=\"wpcf7-form-control-wrap\" data-name=\"email\"><input size=\"40\" maxlength=\"400\" class=\"wpcf7-form-control wpcf7-email wpcf7-validates-as-required wpcf7-text wpcf7-validates-as-email\" aria-required=\"true\" aria-invalid=\"false\" placeholder=\"E-mail*\" value=\"\" type=\"email\" name=\"email\" \/><\/span>\n<span class=\"wpcf7-form-control-wrap\" data-name=\"company\"><input size=\"40\" maxlength=\"400\" class=\"wpcf7-form-control wpcf7-text wpcf7-validates-as-required\" aria-required=\"true\" aria-invalid=\"false\" placeholder=\"Unternehmen*\" value=\"\" type=\"text\" name=\"company\" \/><\/span>\n<\/div>\n\n<div class=\"qodef-grid-item c-rightcol\">\n<span class=\"wpcf7-form-control-wrap\" data-name=\"first-name\"><input size=\"40\" maxlength=\"400\" class=\"wpcf7-form-control wpcf7-text wpcf7-validates-as-required\" aria-required=\"true\" aria-invalid=\"false\" placeholder=\"Vorname*\" value=\"\" type=\"text\" name=\"first-name\" \/><\/span>\n<span class=\"wpcf7-form-control-wrap\" data-name=\"phone\"><input size=\"40\" maxlength=\"400\" class=\"wpcf7-form-control wpcf7-text wpcf7-validates-as-required\" aria-required=\"true\" aria-invalid=\"false\" placeholder=\"Tel.-Nr.*\" value=\"\" type=\"text\" name=\"phone\" \/><\/span>\n<span class=\"wpcf7-form-control-wrap\" data-name=\"position\"><input size=\"40\" maxlength=\"400\" class=\"wpcf7-form-control wpcf7-text\" aria-invalid=\"false\" placeholder=\"Position\" value=\"\" type=\"text\" name=\"position\" \/><\/span>\n<\/div>\n<\/div>\n<\/div>\n<span class=\"wpcf7-form-control-wrap\" data-name=\"message\"><textarea cols=\"40\" rows=\"3\" maxlength=\"2000\" class=\"wpcf7-form-control wpcf7-textarea wpcf7-validates-as-required qodef--adjusted-height\" aria-required=\"true\" aria-invalid=\"false\" placeholder=\"Ihre Nachricht*\" name=\"message\"><\/textarea><\/span>\n\n<div class=\"custominput cgvblock\"><p><span class=\"wpcf7-form-control-wrap\" data-name=\"accept-this-1\"><span class=\"wpcf7-form-control wpcf7-acceptance optional\"><span class=\"wpcf7-list-item\"><input type=\"checkbox\" name=\"accept-this-1\" value=\"1\" aria-invalid=\"false\" \/><\/span><\/span><\/span> <span class=\"cgv\">Ich bin damit einverstanden, dass meine pers\u00f6nlichen Daten gespeichert und zur Kontaktaufnahme auf meine Anfrage verarbeitet werden und dass mir Geste Informatique SA ihren Newsletter zu Informations- und Marketingzwecken zusenden kann. F\u00fcr weitere Informationen lesen Sie bitte unsere <a href=\"https:\/\/geste-info.ch\/de\/politique-de-confidentialite\/\" target=\"_blank\">Datenschutzpolitik<\/a>.<\/span><\/p><\/div>\n\n\n<button class=\"wpcf7-form-control wpcf7-submit qodef-button qodef-size--normal qodef-m\" type=\"submit\"><span class=\"qodef-m-text\">Senden<\/span><\/button><div class=\"wpcf7-response-output\" aria-hidden=\"true\"><\/div>\n<\/form>\n<\/div>\n<\/div>\n\t\t\t\t<\/div>\n\t\t\t\t<\/div>\n\t\t\t\t\t<\/div>\n\t\t<\/div>\n\t\t\t\t\t<\/div>\n\t\t<\/section>\n\t\t\t\t\t<\/div>\n\t\t<\/div>\n\t\t\t\t\t<\/div>\n\t\t<\/section>\n\t\t\t\t<section class=\"elementor-section elementor-top-section elementor-element elementor-element-09ccf69 elementor-section-full_width elementor-section-height-default elementor-section-height-default qodef-elementor-content-no\" data-id=\"09ccf69\" data-element_type=\"section\" data-settings=\"{&quot;background_background&quot;:&quot;classic&quot;}\">\n\t\t\t\t\t\t<div class=\"elementor-container elementor-column-gap-default\">\n\t\t\t\t\t<div class=\"elementor-column elementor-col-66 elementor-top-column elementor-element elementor-element-96e298d\" data-id=\"96e298d\" data-element_type=\"column\">\n\t\t\t<div class=\"elementor-widget-wrap elementor-element-populated\">\n\t\t\t\t\t\t<div class=\"elementor-element elementor-element-1b574fd elementor-widget elementor-widget-geste_core_google_map\" data-id=\"1b574fd\" data-element_type=\"widget\" data-widget_type=\"geste_core_google_map.default\">\n\t\t\t\t<div class=\"elementor-widget-container\">\n\t\t\t\t\t<div class=\"qodef-shortcode qodef-m  qodef-google-map\">\n\t<div class=\"qodef-m-map\" id=\"qodef-map-id--88\" data-addresses='[\"Avenue Cardinal-Mermillod 36, 1227 Carouge GE\"]' data-pin=https:\/\/geste-info.ch\/wp-content\/uploads\/map-pin.png data-unique-id=88 data-height=300><\/div>\n<\/div>\n\t\t\t\t<\/div>\n\t\t\t\t<\/div>\n\t\t\t\t\t<\/div>\n\t\t<\/div>\n\t\t\t\t<div class=\"elementor-column elementor-col-33 elementor-top-column elementor-element elementor-element-d697f89\" data-id=\"d697f89\" data-element_type=\"column\">\n\t\t\t<div class=\"elementor-widget-wrap elementor-element-populated\">\n\t\t\t\t\t\t<div class=\"elementor-element elementor-element-fed8a73 elementor-widget elementor-widget-text-editor\" data-id=\"fed8a73\" data-element_type=\"widget\" data-widget_type=\"text-editor.default\">\n\t\t\t\t<div class=\"elementor-widget-container\">\n\t\t\t\t\t\t\t\t\t<h2 class=\"orange\">Hauptsitz<\/h2><p><strong>GESTE INFORMATIQUE SA<\/strong><\/p><p>Rue des Moraines 21<br \/>1227 Carouge GE\u00a0<\/p><p><span class=\"orange\">T<\/span> +41 22 304 84 30<br \/><span class=\"orange\">@<\/span> <a style=\"color: #fff;\" href=\"mailto:info@geste-info.ch\">info@geste-info.ch<\/a><\/p>\t\t\t\t\t\t\t\t<\/div>\n\t\t\t\t<\/div>\n\t\t\t\t\t<\/div>\n\t\t<\/div>\n\t\t\t\t\t<\/div>\n\t\t<\/section>\n\t\t\t\t<\/div>\n\t\t","protected":false},"excerpt":{"rendered":"<p>Sie suchen eine L\u00f6sung, die Ihre Prozesse optimiert, Ihre Produktivit\u00e4t steigert und sich flexibel an Ihre Arbeitsweise anpasst? Wir stehen Ihnen gerne zur Verf\u00fcgung, um Ihre Fragen zu beantworten und Sie bei Ihrem Projekt zu unterst\u00fctzen. Egal, ob Sie mehr Informationen zu unseren L\u00f6sungen w\u00fcnschen oder eine individuelle Demonstration planen m\u00f6chten \u2013 unsere Spezialisten sind [&hellip;]<\/p>\n","protected":false},"author":1,"featured_media":14515,"parent":0,"menu_order":47,"comment_status":"closed","ping_status":"closed","template":"page-full-width.php","meta":{"inline_featured_image":false,"_monsterinsights_skip_tracking":false,"_monsterinsights_sitenote_active":false,"_monsterinsights_sitenote_note":"","_monsterinsights_sitenote_category":0,"footnotes":"","_links_to":"","_links_to_target":""},"class_list":["post-12458","page","type-page","status-publish","has-post-thumbnail","hentry"],"yoast_head":"<!-- This site is optimized with the Yoast SEO plugin v26.2 - https:\/\/yoast.com\/wordpress\/plugins\/seo\/ -->\n<title>Kontakt | Geste Informatique SA<\/title>\n<meta name=\"description\" content=\"Erz\u00e4hlen Sie uns von Ihrem Projekt! Wir beraten Sie gerne \u00fcber unsere L\u00f6sungen zur Verbesserung Ihres Managements.\" \/>\n<meta name=\"robots\" content=\"index, follow, max-snippet:-1, max-image-preview:large, max-video-preview:-1\" \/>\n<link rel=\"canonical\" href=\"https:\/\/geste-info.ch\/de\/kontakt\/\" \/>\n<meta property=\"og:locale\" content=\"de_DE\" \/>\n<meta property=\"og:type\" content=\"article\" \/>\n<meta property=\"og:title\" content=\"Kontakt | Geste Informatique SA\" \/>\n<meta property=\"og:description\" content=\"Erz\u00e4hlen Sie uns von Ihrem Projekt! Wir beraten Sie gerne \u00fcber unsere L\u00f6sungen zur Verbesserung Ihres Managements.\" \/>\n<meta property=\"og:url\" content=\"https:\/\/geste-info.ch\/de\/kontakt\/\" \/>\n<meta property=\"og:site_name\" content=\"Geste Informatique SA\" \/>\n<meta property=\"article:modified_time\" content=\"2025-11-10T14:57:14+00:00\" \/>\n<meta property=\"og:image\" content=\"https:\/\/geste-info.ch\/wp-content\/uploads\/Contact_SEO.png\" \/>\n\t<meta property=\"og:image:width\" content=\"500\" \/>\n\t<meta property=\"og:image:height\" content=\"500\" \/>\n\t<meta property=\"og:image:type\" content=\"image\/png\" \/>\n<meta name=\"twitter:card\" content=\"summary_large_image\" \/>\n<script type=\"application\/ld+json\" class=\"yoast-schema-graph\">{\"@context\":\"https:\/\/schema.org\",\"@graph\":[{\"@type\":\"WebPage\",\"@id\":\"https:\/\/geste-info.ch\/de\/kontakt\/\",\"url\":\"https:\/\/geste-info.ch\/de\/kontakt\/\",\"name\":\"Kontakt | Geste Informatique SA\",\"isPartOf\":{\"@id\":\"http:\/\/geste-info.ch\/de\/#website\"},\"primaryImageOfPage\":{\"@id\":\"https:\/\/geste-info.ch\/de\/kontakt\/#primaryimage\"},\"image\":{\"@id\":\"https:\/\/geste-info.ch\/de\/kontakt\/#primaryimage\"},\"thumbnailUrl\":\"https:\/\/geste-info.ch\/wp-content\/uploads\/Contact_SEO.png\",\"datePublished\":\"2022-03-09T20:03:00+00:00\",\"dateModified\":\"2025-11-10T14:57:14+00:00\",\"description\":\"Erz\u00e4hlen Sie uns von Ihrem Projekt! Wir beraten Sie gerne \u00fcber unsere L\u00f6sungen zur Verbesserung Ihres Managements.\",\"breadcrumb\":{\"@id\":\"https:\/\/geste-info.ch\/de\/kontakt\/#breadcrumb\"},\"inLanguage\":\"de\",\"potentialAction\":[{\"@type\":\"ReadAction\",\"target\":[\"https:\/\/geste-info.ch\/de\/kontakt\/\"]}]},{\"@type\":\"ImageObject\",\"inLanguage\":\"de\",\"@id\":\"https:\/\/geste-info.ch\/de\/kontakt\/#primaryimage\",\"url\":\"https:\/\/geste-info.ch\/wp-content\/uploads\/Contact_SEO.png\",\"contentUrl\":\"https:\/\/geste-info.ch\/wp-content\/uploads\/Contact_SEO.png\",\"width\":500,\"height\":500,\"caption\":\"image contact\"},{\"@type\":\"BreadcrumbList\",\"@id\":\"https:\/\/geste-info.ch\/de\/kontakt\/#breadcrumb\",\"itemListElement\":[{\"@type\":\"ListItem\",\"position\":1,\"name\":\"Startseite\",\"item\":\"https:\/\/geste-info.ch\/de\/\"},{\"@type\":\"ListItem\",\"position\":2,\"name\":\"Kontakt\"}]},{\"@type\":\"WebSite\",\"@id\":\"http:\/\/geste-info.ch\/de\/#website\",\"url\":\"http:\/\/geste-info.ch\/de\/\",\"name\":\"Geste Informatique SA\",\"description\":\"Solutions ERP suisses innovantes\",\"publisher\":{\"@id\":\"http:\/\/geste-info.ch\/de\/#organization\"},\"potentialAction\":[{\"@type\":\"SearchAction\",\"target\":{\"@type\":\"EntryPoint\",\"urlTemplate\":\"http:\/\/geste-info.ch\/de\/?s={search_term_string}\"},\"query-input\":{\"@type\":\"PropertyValueSpecification\",\"valueRequired\":true,\"valueName\":\"search_term_string\"}}],\"inLanguage\":\"de\"},{\"@type\":\"Organization\",\"@id\":\"http:\/\/geste-info.ch\/de\/#organization\",\"name\":\"Geste Informatique SA\",\"url\":\"http:\/\/geste-info.ch\/de\/\",\"logo\":{\"@type\":\"ImageObject\",\"inLanguage\":\"de\",\"@id\":\"http:\/\/geste-info.ch\/de\/#\/schema\/logo\/image\/\",\"url\":\"https:\/\/geste-info.ch\/wp-content\/uploads\/Logo_Site.png\",\"contentUrl\":\"https:\/\/geste-info.ch\/wp-content\/uploads\/Logo_Site.png\",\"width\":150,\"height\":150,\"caption\":\"Geste Informatique SA\"},\"image\":{\"@id\":\"http:\/\/geste-info.ch\/de\/#\/schema\/logo\/image\/\"}}]}<\/script>\n<!-- \/ Yoast SEO plugin. -->","yoast_head_json":{"title":"Kontakt | Geste Informatique SA","description":"Erz\u00e4hlen Sie uns von Ihrem Projekt! Wir beraten Sie gerne \u00fcber unsere L\u00f6sungen zur Verbesserung Ihres Managements.","robots":{"index":"index","follow":"follow","max-snippet":"max-snippet:-1","max-image-preview":"max-image-preview:large","max-video-preview":"max-video-preview:-1"},"canonical":"https:\/\/geste-info.ch\/de\/kontakt\/","og_locale":"de_DE","og_type":"article","og_title":"Kontakt | Geste Informatique SA","og_description":"Erz\u00e4hlen Sie uns von Ihrem Projekt! Wir beraten Sie gerne \u00fcber unsere L\u00f6sungen zur Verbesserung Ihres Managements.","og_url":"https:\/\/geste-info.ch\/de\/kontakt\/","og_site_name":"Geste Informatique SA","article_modified_time":"2025-11-10T14:57:14+00:00","og_image":[{"width":500,"height":500,"url":"https:\/\/geste-info.ch\/wp-content\/uploads\/Contact_SEO.png","type":"image\/png"}],"twitter_card":"summary_large_image","schema":{"@context":"https:\/\/schema.org","@graph":[{"@type":"WebPage","@id":"https:\/\/geste-info.ch\/de\/kontakt\/","url":"https:\/\/geste-info.ch\/de\/kontakt\/","name":"Kontakt | Geste Informatique SA","isPartOf":{"@id":"http:\/\/geste-info.ch\/de\/#website"},"primaryImageOfPage":{"@id":"https:\/\/geste-info.ch\/de\/kontakt\/#primaryimage"},"image":{"@id":"https:\/\/geste-info.ch\/de\/kontakt\/#primaryimage"},"thumbnailUrl":"https:\/\/geste-info.ch\/wp-content\/uploads\/Contact_SEO.png","datePublished":"2022-03-09T20:03:00+00:00","dateModified":"2025-11-10T14:57:14+00:00","description":"Erz\u00e4hlen Sie uns von Ihrem Projekt! Wir beraten Sie gerne \u00fcber unsere L\u00f6sungen zur Verbesserung Ihres Managements.","breadcrumb":{"@id":"https:\/\/geste-info.ch\/de\/kontakt\/#breadcrumb"},"inLanguage":"de","potentialAction":[{"@type":"ReadAction","target":["https:\/\/geste-info.ch\/de\/kontakt\/"]}]},{"@type":"ImageObject","inLanguage":"de","@id":"https:\/\/geste-info.ch\/de\/kontakt\/#primaryimage","url":"https:\/\/geste-info.ch\/wp-content\/uploads\/Contact_SEO.png","contentUrl":"https:\/\/geste-info.ch\/wp-content\/uploads\/Contact_SEO.png","width":500,"height":500,"caption":"image contact"},{"@type":"BreadcrumbList","@id":"https:\/\/geste-info.ch\/de\/kontakt\/#breadcrumb","itemListElement":[{"@type":"ListItem","position":1,"name":"Startseite","item":"https:\/\/geste-info.ch\/de\/"},{"@type":"ListItem","position":2,"name":"Kontakt"}]},{"@type":"WebSite","@id":"http:\/\/geste-info.ch\/de\/#website","url":"http:\/\/geste-info.ch\/de\/","name":"Geste Informatique SA","description":"Solutions ERP suisses innovantes","publisher":{"@id":"http:\/\/geste-info.ch\/de\/#organization"},"potentialAction":[{"@type":"SearchAction","target":{"@type":"EntryPoint","urlTemplate":"http:\/\/geste-info.ch\/de\/?s={search_term_string}"},"query-input":{"@type":"PropertyValueSpecification","valueRequired":true,"valueName":"search_term_string"}}],"inLanguage":"de"},{"@type":"Organization","@id":"http:\/\/geste-info.ch\/de\/#organization","name":"Geste Informatique SA","url":"http:\/\/geste-info.ch\/de\/","logo":{"@type":"ImageObject","inLanguage":"de","@id":"http:\/\/geste-info.ch\/de\/#\/schema\/logo\/image\/","url":"https:\/\/geste-info.ch\/wp-content\/uploads\/Logo_Site.png","contentUrl":"https:\/\/geste-info.ch\/wp-content\/uploads\/Logo_Site.png","width":150,"height":150,"caption":"Geste Informatique SA"},"image":{"@id":"http:\/\/geste-info.ch\/de\/#\/schema\/logo\/image\/"}}]}},"_links":{"self":[{"href":"https:\/\/geste-info.ch\/de\/wp-json\/wp\/v2\/pages\/12458","targetHints":{"allow":["GET"]}}],"collection":[{"href":"https:\/\/geste-info.ch\/de\/wp-json\/wp\/v2\/pages"}],"about":[{"href":"https:\/\/geste-info.ch\/de\/wp-json\/wp\/v2\/types\/page"}],"author":[{"embeddable":true,"href":"https:\/\/geste-info.ch\/de\/wp-json\/wp\/v2\/users\/1"}],"replies":[{"embeddable":true,"href":"https:\/\/geste-info.ch\/de\/wp-json\/wp\/v2\/comments?post=12458"}],"version-history":[{"count":54,"href":"https:\/\/geste-info.ch\/de\/wp-json\/wp\/v2\/pages\/12458\/revisions"}],"predecessor-version":[{"id":19384,"href":"https:\/\/geste-info.ch\/de\/wp-json\/wp\/v2\/pages\/12458\/revisions\/19384"}],"wp:featuredmedia":[{"embeddable":true,"href":"https:\/\/geste-info.ch\/de\/wp-json\/wp\/v2\/media\/14515"}],"wp:attachment":[{"href":"https:\/\/geste-info.ch\/de\/wp-json\/wp\/v2\/media?parent=12458"}],"curies":[{"name":"wp","href":"https:\/\/api.w.org\/{rel}","templated":true}]}}