{"id":12457,"date":"2022-03-06T16:26:00","date_gmt":"2022-03-06T15:26:00","guid":{"rendered":"https:\/\/gestedev.ch\/societe\/rejoindre-notre-equipe\/"},"modified":"2026-01-29T16:09:45","modified_gmt":"2026-01-29T15:09:45","slug":"unserem-team-beitreten","status":"publish","type":"page","link":"https:\/\/geste-info.ch\/de\/firma\/unserem-team-beitreten\/","title":{"rendered":"Unserem Team beitreten"},"content":{"rendered":"\t\t<div data-elementor-type=\"wp-page\" data-elementor-id=\"12457\" class=\"elementor elementor-12457 elementor-9356\" data-elementor-post-type=\"page\">\n\t\t\t\t\t\t<section class=\"elementor-section elementor-top-section elementor-element elementor-element-82a41a3 qodef-elementor-content-grid q-padding elementor-section-boxed elementor-section-height-default elementor-section-height-default\" data-id=\"82a41a3\" data-element_type=\"section\">\n\t\t\t\t\t\t<div class=\"elementor-container elementor-column-gap-default\">\n\t\t\t\t\t<div class=\"elementor-column elementor-col-100 elementor-top-column elementor-element elementor-element-8b4121d\" data-id=\"8b4121d\" data-element_type=\"column\">\n\t\t\t<div class=\"elementor-widget-wrap elementor-element-populated\">\n\t\t\t\t\t\t<section class=\"elementor-section elementor-inner-section elementor-element elementor-element-b774aa3 elementor-section-full_width elementor-section-height-default elementor-section-height-default qodef-elementor-content-no\" data-id=\"b774aa3\" data-element_type=\"section\">\n\t\t\t\t\t\t<div class=\"elementor-container elementor-column-gap-default\">\n\t\t\t\t\t<div class=\"elementor-column elementor-col-33 elementor-inner-column elementor-element elementor-element-726b5e9\" data-id=\"726b5e9\" data-element_type=\"column\">\n\t\t\t<div class=\"elementor-widget-wrap\">\n\t\t\t\t\t\t\t<\/div>\n\t\t<\/div>\n\t\t\t\t<div class=\"elementor-column elementor-col-33 elementor-inner-column elementor-element elementor-element-c032100\" data-id=\"c032100\" data-element_type=\"column\">\n\t\t\t<div class=\"elementor-widget-wrap elementor-element-populated\">\n\t\t\t\t\t\t<div class=\"elementor-element elementor-element-85aeba6 elementor-widget elementor-widget-geste_core_section_title\" data-id=\"85aeba6\" data-element_type=\"widget\" data-widget_type=\"geste_core_section_title.default\">\n\t\t\t\t<div class=\"elementor-widget-container\">\n\t\t\t\t\t<div class=\"qodef-shortcode qodef-m quote qodef-section-title qodef-alignment--left  \">\n\t\t\t<h2 class=\"qodef-m-title\" >\n\t\t\t\t\tWerden Sie Teil eines innovativen Unternehmens mit einer starken und kreativen Teamkultur.\t\t\t<\/h2>\n\t\t\t<\/div>\n\t\t\t\t<\/div>\n\t\t\t\t<\/div>\n\t\t\t\t\t<\/div>\n\t\t<\/div>\n\t\t\t\t<div class=\"elementor-column elementor-col-33 elementor-inner-column elementor-element elementor-element-1882d6b\" data-id=\"1882d6b\" data-element_type=\"column\">\n\t\t\t<div class=\"elementor-widget-wrap\">\n\t\t\t\t\t\t\t<\/div>\n\t\t<\/div>\n\t\t\t\t\t<\/div>\n\t\t<\/section>\n\t\t\t\t\t<\/div>\n\t\t<\/div>\n\t\t\t\t\t<\/div>\n\t\t<\/section>\n\t\t\t\t<section class=\"elementor-section elementor-top-section elementor-element elementor-element-772bdef elementor-section-boxed elementor-section-height-default elementor-section-height-default qodef-elementor-content-no\" data-id=\"772bdef\" data-element_type=\"section\">\n\t\t\t\t\t\t<div class=\"elementor-container elementor-column-gap-default\">\n\t\t\t\t\t<div class=\"elementor-column elementor-col-33 elementor-top-column elementor-element elementor-element-8951101\" data-id=\"8951101\" data-element_type=\"column\">\n\t\t\t<div class=\"elementor-widget-wrap\">\n\t\t\t\t\t\t\t<\/div>\n\t\t<\/div>\n\t\t\t\t<div class=\"elementor-column elementor-col-33 elementor-top-column elementor-element elementor-element-3792d7b\" data-id=\"3792d7b\" data-element_type=\"column\">\n\t\t\t<div class=\"elementor-widget-wrap elementor-element-populated\">\n\t\t\t\t\t\t<div class=\"elementor-element elementor-element-fcb47a8 elementor-widget elementor-widget-geste_core_section_title\" data-id=\"fcb47a8\" data-element_type=\"widget\" data-widget_type=\"geste_core_section_title.default\">\n\t\t\t\t<div class=\"elementor-widget-container\">\n\t\t\t\t\t<div class=\"qodef-shortcode qodef-m  qodef-section-title qodef-alignment--center  \">\n\t\t<h6 class=\"qodef-m-tagline\" >\n\t\tfirma\t<\/h6>\n\t\t<h1 class=\"qodef-m-title\" >\n\t\t\t\t\tUnserem Team beitreten\t\t\t<\/h1>\n\t\t\t<\/div>\n\t\t\t\t<\/div>\n\t\t\t\t<\/div>\n\t\t\t\t\t<\/div>\n\t\t<\/div>\n\t\t\t\t<div class=\"elementor-column elementor-col-33 elementor-top-column elementor-element elementor-element-e967ffc\" data-id=\"e967ffc\" data-element_type=\"column\">\n\t\t\t<div class=\"elementor-widget-wrap\">\n\t\t\t\t\t\t\t<\/div>\n\t\t<\/div>\n\t\t\t\t\t<\/div>\n\t\t<\/section>\n\t\t\t\t<section class=\"elementor-section elementor-top-section elementor-element elementor-element-72eed4a elementor-section-full_width darkblue q-padding elementor-section-height-default elementor-section-height-default qodef-elementor-content-no\" data-id=\"72eed4a\" data-element_type=\"section\" data-settings=\"{&quot;background_background&quot;:&quot;classic&quot;}\">\n\t\t\t\t\t\t<div class=\"elementor-container elementor-column-gap-default\">\n\t\t\t\t\t<div class=\"elementor-column elementor-col-100 elementor-top-column elementor-element elementor-element-c9cc7da\" data-id=\"c9cc7da\" data-element_type=\"column\" data-settings=\"{&quot;background_background&quot;:&quot;classic&quot;}\">\n\t\t\t<div class=\"elementor-widget-wrap elementor-element-populated\">\n\t\t\t\t\t\t<section class=\"elementor-section elementor-inner-section elementor-element elementor-element-6980a73 elementor-section-boxed elementor-section-height-default elementor-section-height-default qodef-elementor-content-no\" data-id=\"6980a73\" data-element_type=\"section\">\n\t\t\t\t\t\t<div class=\"elementor-container elementor-column-gap-default\">\n\t\t\t\t\t<div class=\"elementor-column elementor-col-33 elementor-inner-column elementor-element elementor-element-85ffe04\" data-id=\"85ffe04\" data-element_type=\"column\">\n\t\t\t<div class=\"elementor-widget-wrap elementor-element-populated\">\n\t\t\t\t\t\t<div class=\"elementor-element elementor-element-d910886 elementor-widget elementor-widget-geste_core_section_title\" data-id=\"d910886\" data-element_type=\"widget\" data-widget_type=\"geste_core_section_title.default\">\n\t\t\t\t<div class=\"elementor-widget-container\">\n\t\t\t\t\t<div class=\"qodef-shortcode qodef-m  qodef-section-title qodef-alignment--left  \">\n\t\t\t<h2 class=\"qodef-m-title\" style=\"color: #FFFFFF\">\n\t\t\t\t\tInnovative Projekte\t\t\t<\/h2>\n\t\t\t<\/div>\n\t\t\t\t<\/div>\n\t\t\t\t<\/div>\n\t\t\t\t<div class=\"elementor-element elementor-element-31f043d elementor-widget elementor-widget-text-editor\" data-id=\"31f043d\" data-element_type=\"widget\" data-widget_type=\"text-editor.default\">\n\t\t\t\t<div class=\"elementor-widget-container\">\n\t\t\t\t\t\t\t\t\t<p>Arbeiten Sie an abwechslungsreichen Projekten, die Ihnen die M\u00f6glichkeit bieten, neue F\u00e4higkeiten zu erwerben und sich weiterzuentwickeln, ohne dabei in Routine zu verfallen. Setzen Sie Ihre Kenntnisse und F\u00e4higkeiten ein, um einzigartige und erfolgreiche L\u00f6sungen zu entwickeln, und tragen Sie dazu bei, die Gesch\u00e4ftsprozesse von Unternehmen mit unterschiedlichem Hintergrund zu verbessern.<\/p>\t\t\t\t\t\t\t\t<\/div>\n\t\t\t\t<\/div>\n\t\t\t\t\t<\/div>\n\t\t<\/div>\n\t\t\t\t<div class=\"elementor-column elementor-col-33 elementor-inner-column elementor-element elementor-element-76c74e9\" data-id=\"76c74e9\" data-element_type=\"column\">\n\t\t\t<div class=\"elementor-widget-wrap elementor-element-populated\">\n\t\t\t\t\t\t<div class=\"elementor-element elementor-element-ad30c82 elementor-widget elementor-widget-geste_core_section_title\" data-id=\"ad30c82\" data-element_type=\"widget\" data-widget_type=\"geste_core_section_title.default\">\n\t\t\t\t<div class=\"elementor-widget-container\">\n\t\t\t\t\t<div class=\"qodef-shortcode qodef-m  qodef-section-title qodef-alignment--left  \">\n\t\t\t<h2 class=\"qodef-m-title\" style=\"color: #FFFFFF\">\n\t\t\t\t\tFreundliche Atmosph\u00e4re\t\t\t<\/h2>\n\t\t\t<\/div>\n\t\t\t\t<\/div>\n\t\t\t\t<\/div>\n\t\t\t\t<div class=\"elementor-element elementor-element-47d9e13 elementor-widget elementor-widget-text-editor\" data-id=\"47d9e13\" data-element_type=\"widget\" data-widget_type=\"text-editor.default\">\n\t\t\t\t<div class=\"elementor-widget-container\">\n\t\t\t\t\t\t\t\t\t<p>Wir f\u00f6rdern flexible Arbeitsformen und die Zusammenarbeit, indem wir unseren Mitarbeitenden offene, ergonomische Arbeitsr\u00e4ume mit Entspannungszonen bieten. Wenn sie es w\u00fcnschen, haben die Mitarbeitenden auch die M\u00f6glichkeit, mithilfe moderner Kollaborationstools teilweise aus der Ferne zu arbeiten.<\/p>\t\t\t\t\t\t\t\t<\/div>\n\t\t\t\t<\/div>\n\t\t\t\t\t<\/div>\n\t\t<\/div>\n\t\t\t\t<div class=\"elementor-column elementor-col-33 elementor-inner-column elementor-element elementor-element-38cddea\" data-id=\"38cddea\" data-element_type=\"column\">\n\t\t\t<div class=\"elementor-widget-wrap elementor-element-populated\">\n\t\t\t\t\t\t<div class=\"elementor-element elementor-element-b563e6e elementor-widget elementor-widget-geste_core_section_title\" data-id=\"b563e6e\" data-element_type=\"widget\" data-widget_type=\"geste_core_section_title.default\">\n\t\t\t\t<div class=\"elementor-widget-container\">\n\t\t\t\t\t<div class=\"qodef-shortcode qodef-m  qodef-section-title qodef-alignment--left  \">\n\t\t\t<h2 class=\"qodef-m-title\" style=\"color: #FFFFFF\">\n\t\t\t\t\tEine Kultur der Inklusion\t\t\t<\/h2>\n\t\t\t<\/div>\n\t\t\t\t<\/div>\n\t\t\t\t<\/div>\n\t\t\t\t<div class=\"elementor-element elementor-element-30c7917 elementor-widget elementor-widget-text-editor\" data-id=\"30c7917\" data-element_type=\"widget\" data-widget_type=\"text-editor.default\">\n\t\t\t\t<div class=\"elementor-widget-container\">\n\t\t\t\t\t\t\t\t\t<p>Wir garantieren allen Mittarbeitenden und Bewerbenden Chancengleichheit und Gleichbehandlung und tolerieren keine Form von Diskriminierung. Es kommt auf die fachlichen und pers\u00f6nlichen F\u00e4higkeiten sowie die Einstellung an. Wir sehen Vielfalt als Bereicherung.<\/p>\t\t\t\t\t\t\t\t<\/div>\n\t\t\t\t<\/div>\n\t\t\t\t\t<\/div>\n\t\t<\/div>\n\t\t\t\t\t<\/div>\n\t\t<\/section>\n\t\t\t\t\t<\/div>\n\t\t<\/div>\n\t\t\t\t\t<\/div>\n\t\t<\/section>\n\t\t\t\t<section class=\"elementor-section elementor-top-section elementor-element elementor-element-2f9a3d9 elementor-section-boxed elementor-section-height-default elementor-section-height-default qodef-elementor-content-no\" data-id=\"2f9a3d9\" data-element_type=\"section\">\n\t\t\t\t\t\t<div class=\"elementor-container elementor-column-gap-default\">\n\t\t\t\t\t<div class=\"elementor-column elementor-col-100 elementor-top-column elementor-element elementor-element-38cfb67\" data-id=\"38cfb67\" data-element_type=\"column\">\n\t\t\t<div class=\"elementor-widget-wrap elementor-element-populated\">\n\t\t\t\t\t\t<div class=\"elementor-element elementor-element-a3b88a1 elementor-widget elementor-widget-geste_core_section_title\" data-id=\"a3b88a1\" data-element_type=\"widget\" data-widget_type=\"geste_core_section_title.default\">\n\t\t\t\t<div class=\"elementor-widget-container\">\n\t\t\t\t\t<div class=\"qodef-shortcode qodef-m  qodef-section-title qodef-alignment--center  \">\n\t\t\t\t<h6 class=\"qodef-m-subtitle\" >\n\t\tWir sind st\u00e4ndig auf der Suche nach neuen Talenten !\t<\/h6>\n\t\t<p class=\"qodef-m-text-field\" >\n\t\tSie sind effizient, gr\u00fcndlich und verf\u00fcgen \u00fcber einen ausgezeichneten Teamgeist und Eigeninitiative ?\t<\/p>\n\t<\/div>\n\t\t\t\t<\/div>\n\t\t\t\t<\/div>\n\t\t\t\t<div class=\"elementor-element elementor-element-260a462 elementor-widget elementor-widget-geste_core_button\" data-id=\"260a462\" data-element_type=\"widget\" data-widget_type=\"geste_core_button.default\">\n\t\t\t\t<div class=\"elementor-widget-container\">\n\t\t\t\t\t<a class=\"qodef-shortcode qodef-m btn-center qodef-button qodef-layout--filled-one  qodef-html--link \" href=\"mailto:info@geste.ch\" target=\"_self\"  >\n\t<span class=\"qodef-m-text\">SENDEN SIE UNS IHRE BEWERBUNG\u2003<\/span>\n<\/a>\n\t\t\t\t<\/div>\n\t\t\t\t<\/div>\n\t\t\t\t\t<\/div>\n\t\t<\/div>\n\t\t\t\t\t<\/div>\n\t\t<\/section>\n\t\t\t\t<\/div>\n\t\t","protected":false},"excerpt":{"rendered":"<p>Werden Sie Teil eines innovativen Unternehmens mit einer starken und kreativen Teamkultur. firma Unserem Team beitreten Innovative Projekte Arbeiten Sie an abwechslungsreichen Projekten, die Ihnen die M\u00f6glichkeit bieten, neue F\u00e4higkeiten zu erwerben und sich weiterzuentwickeln, ohne dabei in Routine zu verfallen. Setzen Sie Ihre Kenntnisse und F\u00e4higkeiten ein, um einzigartige und erfolgreiche L\u00f6sungen zu entwickeln, [&hellip;]<\/p>\n","protected":false},"author":1,"featured_media":14511,"parent":12453,"menu_order":45,"comment_status":"closed","ping_status":"closed","template":"page-full-width.php","meta":{"inline_featured_image":false,"_monsterinsights_skip_tracking":false,"_monsterinsights_sitenote_active":false,"_monsterinsights_sitenote_note":"","_monsterinsights_sitenote_category":0,"footnotes":"","_links_to":"","_links_to_target":""},"class_list":["post-12457","page","type-page","status-publish","has-post-thumbnail","hentry"],"yoast_head":"<!-- This site is optimized with the Yoast SEO plugin v26.2 - https:\/\/yoast.com\/wordpress\/plugins\/seo\/ -->\n<title>Unserem Team beitreten | Geste Informatique SA<\/title>\n<meta name=\"description\" content=\"Werden Sie Teil eines innovativen Unternehmens, das aus talentierten Fachleuten besteht, f\u00fcr die aktive Zusammenarbeit unerl\u00e4sslich sind.\" \/>\n<meta name=\"robots\" content=\"index, follow, max-snippet:-1, max-image-preview:large, max-video-preview:-1\" \/>\n<link rel=\"canonical\" href=\"https:\/\/geste-info.ch\/de\/firma\/unserem-team-beitreten\/\" \/>\n<meta property=\"og:locale\" content=\"de_DE\" \/>\n<meta property=\"og:type\" content=\"article\" \/>\n<meta property=\"og:title\" content=\"Unserem Team beitreten | Geste Informatique SA\" \/>\n<meta property=\"og:description\" content=\"Werden Sie Teil eines innovativen Unternehmens, das aus talentierten Fachleuten besteht, f\u00fcr die aktive Zusammenarbeit unerl\u00e4sslich sind.\" \/>\n<meta property=\"og:url\" content=\"https:\/\/geste-info.ch\/de\/firma\/unserem-team-beitreten\/\" \/>\n<meta property=\"og:site_name\" content=\"Geste Informatique SA\" \/>\n<meta property=\"article:modified_time\" content=\"2026-01-29T15:09:45+00:00\" \/>\n<meta property=\"og:image\" content=\"http:\/\/geste-info.ch\/wp-content\/uploads\/Job_SEO.png\" \/>\n\t<meta property=\"og:image:width\" content=\"500\" \/>\n\t<meta property=\"og:image:height\" content=\"500\" \/>\n\t<meta property=\"og:image:type\" content=\"image\/png\" \/>\n<meta name=\"twitter:card\" content=\"summary_large_image\" \/>\n<script type=\"application\/ld+json\" class=\"yoast-schema-graph\">{\"@context\":\"https:\/\/schema.org\",\"@graph\":[{\"@type\":\"WebPage\",\"@id\":\"https:\/\/geste-info.ch\/de\/firma\/unserem-team-beitreten\/\",\"url\":\"https:\/\/geste-info.ch\/de\/firma\/unserem-team-beitreten\/\",\"name\":\"Unserem Team beitreten | Geste Informatique SA\",\"isPartOf\":{\"@id\":\"http:\/\/geste-info.ch\/de\/#website\"},\"primaryImageOfPage\":{\"@id\":\"https:\/\/geste-info.ch\/de\/firma\/unserem-team-beitreten\/#primaryimage\"},\"image\":{\"@id\":\"https:\/\/geste-info.ch\/de\/firma\/unserem-team-beitreten\/#primaryimage\"},\"thumbnailUrl\":\"https:\/\/geste-info.ch\/wp-content\/uploads\/Job_SEO.png\",\"datePublished\":\"2022-03-06T15:26:00+00:00\",\"dateModified\":\"2026-01-29T15:09:45+00:00\",\"description\":\"Werden Sie Teil eines innovativen Unternehmens, das aus talentierten Fachleuten besteht, f\u00fcr die aktive Zusammenarbeit unerl\u00e4sslich sind.\",\"breadcrumb\":{\"@id\":\"https:\/\/geste-info.ch\/de\/firma\/unserem-team-beitreten\/#breadcrumb\"},\"inLanguage\":\"de\",\"potentialAction\":[{\"@type\":\"ReadAction\",\"target\":[\"https:\/\/geste-info.ch\/de\/firma\/unserem-team-beitreten\/\"]}]},{\"@type\":\"ImageObject\",\"inLanguage\":\"de\",\"@id\":\"https:\/\/geste-info.ch\/de\/firma\/unserem-team-beitreten\/#primaryimage\",\"url\":\"https:\/\/geste-info.ch\/wp-content\/uploads\/Job_SEO.png\",\"contentUrl\":\"https:\/\/geste-info.ch\/wp-content\/uploads\/Job_SEO.png\",\"width\":500,\"height\":500,\"caption\":\"image job\"},{\"@type\":\"BreadcrumbList\",\"@id\":\"https:\/\/geste-info.ch\/de\/firma\/unserem-team-beitreten\/#breadcrumb\",\"itemListElement\":[{\"@type\":\"ListItem\",\"position\":1,\"name\":\"Startseite\",\"item\":\"https:\/\/geste-info.ch\/de\/\"},{\"@type\":\"ListItem\",\"position\":2,\"name\":\"Unsere Firma\",\"item\":\"https:\/\/geste-info.ch\/de\/firma\/\"},{\"@type\":\"ListItem\",\"position\":3,\"name\":\"Unserem Team beitreten\"}]},{\"@type\":\"WebSite\",\"@id\":\"http:\/\/geste-info.ch\/de\/#website\",\"url\":\"http:\/\/geste-info.ch\/de\/\",\"name\":\"Geste Informatique SA\",\"description\":\"Solutions ERP suisses innovantes\",\"publisher\":{\"@id\":\"http:\/\/geste-info.ch\/de\/#organization\"},\"potentialAction\":[{\"@type\":\"SearchAction\",\"target\":{\"@type\":\"EntryPoint\",\"urlTemplate\":\"http:\/\/geste-info.ch\/de\/?s={search_term_string}\"},\"query-input\":{\"@type\":\"PropertyValueSpecification\",\"valueRequired\":true,\"valueName\":\"search_term_string\"}}],\"inLanguage\":\"de\"},{\"@type\":\"Organization\",\"@id\":\"http:\/\/geste-info.ch\/de\/#organization\",\"name\":\"Geste Informatique SA\",\"url\":\"http:\/\/geste-info.ch\/de\/\",\"logo\":{\"@type\":\"ImageObject\",\"inLanguage\":\"de\",\"@id\":\"http:\/\/geste-info.ch\/de\/#\/schema\/logo\/image\/\",\"url\":\"https:\/\/geste-info.ch\/wp-content\/uploads\/Logo_Site.png\",\"contentUrl\":\"https:\/\/geste-info.ch\/wp-content\/uploads\/Logo_Site.png\",\"width\":150,\"height\":150,\"caption\":\"Geste Informatique SA\"},\"image\":{\"@id\":\"http:\/\/geste-info.ch\/de\/#\/schema\/logo\/image\/\"}}]}<\/script>\n<!-- \/ Yoast SEO plugin. -->","yoast_head_json":{"title":"Unserem Team beitreten | Geste Informatique SA","description":"Werden Sie Teil eines innovativen Unternehmens, das aus talentierten Fachleuten besteht, f\u00fcr die aktive Zusammenarbeit unerl\u00e4sslich sind.","robots":{"index":"index","follow":"follow","max-snippet":"max-snippet:-1","max-image-preview":"max-image-preview:large","max-video-preview":"max-video-preview:-1"},"canonical":"https:\/\/geste-info.ch\/de\/firma\/unserem-team-beitreten\/","og_locale":"de_DE","og_type":"article","og_title":"Unserem Team beitreten | Geste Informatique SA","og_description":"Werden Sie Teil eines innovativen Unternehmens, das aus talentierten Fachleuten besteht, f\u00fcr die aktive Zusammenarbeit unerl\u00e4sslich sind.","og_url":"https:\/\/geste-info.ch\/de\/firma\/unserem-team-beitreten\/","og_site_name":"Geste Informatique SA","article_modified_time":"2026-01-29T15:09:45+00:00","og_image":[{"width":500,"height":500,"url":"http:\/\/geste-info.ch\/wp-content\/uploads\/Job_SEO.png","type":"image\/png"}],"twitter_card":"summary_large_image","schema":{"@context":"https:\/\/schema.org","@graph":[{"@type":"WebPage","@id":"https:\/\/geste-info.ch\/de\/firma\/unserem-team-beitreten\/","url":"https:\/\/geste-info.ch\/de\/firma\/unserem-team-beitreten\/","name":"Unserem Team beitreten | Geste Informatique SA","isPartOf":{"@id":"http:\/\/geste-info.ch\/de\/#website"},"primaryImageOfPage":{"@id":"https:\/\/geste-info.ch\/de\/firma\/unserem-team-beitreten\/#primaryimage"},"image":{"@id":"https:\/\/geste-info.ch\/de\/firma\/unserem-team-beitreten\/#primaryimage"},"thumbnailUrl":"https:\/\/geste-info.ch\/wp-content\/uploads\/Job_SEO.png","datePublished":"2022-03-06T15:26:00+00:00","dateModified":"2026-01-29T15:09:45+00:00","description":"Werden Sie Teil eines innovativen Unternehmens, das aus talentierten Fachleuten besteht, f\u00fcr die aktive Zusammenarbeit unerl\u00e4sslich sind.","breadcrumb":{"@id":"https:\/\/geste-info.ch\/de\/firma\/unserem-team-beitreten\/#breadcrumb"},"inLanguage":"de","potentialAction":[{"@type":"ReadAction","target":["https:\/\/geste-info.ch\/de\/firma\/unserem-team-beitreten\/"]}]},{"@type":"ImageObject","inLanguage":"de","@id":"https:\/\/geste-info.ch\/de\/firma\/unserem-team-beitreten\/#primaryimage","url":"https:\/\/geste-info.ch\/wp-content\/uploads\/Job_SEO.png","contentUrl":"https:\/\/geste-info.ch\/wp-content\/uploads\/Job_SEO.png","width":500,"height":500,"caption":"image job"},{"@type":"BreadcrumbList","@id":"https:\/\/geste-info.ch\/de\/firma\/unserem-team-beitreten\/#breadcrumb","itemListElement":[{"@type":"ListItem","position":1,"name":"Startseite","item":"https:\/\/geste-info.ch\/de\/"},{"@type":"ListItem","position":2,"name":"Unsere Firma","item":"https:\/\/geste-info.ch\/de\/firma\/"},{"@type":"ListItem","position":3,"name":"Unserem Team beitreten"}]},{"@type":"WebSite","@id":"http:\/\/geste-info.ch\/de\/#website","url":"http:\/\/geste-info.ch\/de\/","name":"Geste Informatique SA","description":"Solutions ERP suisses innovantes","publisher":{"@id":"http:\/\/geste-info.ch\/de\/#organization"},"potentialAction":[{"@type":"SearchAction","target":{"@type":"EntryPoint","urlTemplate":"http:\/\/geste-info.ch\/de\/?s={search_term_string}"},"query-input":{"@type":"PropertyValueSpecification","valueRequired":true,"valueName":"search_term_string"}}],"inLanguage":"de"},{"@type":"Organization","@id":"http:\/\/geste-info.ch\/de\/#organization","name":"Geste Informatique SA","url":"http:\/\/geste-info.ch\/de\/","logo":{"@type":"ImageObject","inLanguage":"de","@id":"http:\/\/geste-info.ch\/de\/#\/schema\/logo\/image\/","url":"https:\/\/geste-info.ch\/wp-content\/uploads\/Logo_Site.png","contentUrl":"https:\/\/geste-info.ch\/wp-content\/uploads\/Logo_Site.png","width":150,"height":150,"caption":"Geste Informatique SA"},"image":{"@id":"http:\/\/geste-info.ch\/de\/#\/schema\/logo\/image\/"}}]}},"_links":{"self":[{"href":"https:\/\/geste-info.ch\/de\/wp-json\/wp\/v2\/pages\/12457","targetHints":{"allow":["GET"]}}],"collection":[{"href":"https:\/\/geste-info.ch\/de\/wp-json\/wp\/v2\/pages"}],"about":[{"href":"https:\/\/geste-info.ch\/de\/wp-json\/wp\/v2\/types\/page"}],"author":[{"embeddable":true,"href":"https:\/\/geste-info.ch\/de\/wp-json\/wp\/v2\/users\/1"}],"replies":[{"embeddable":true,"href":"https:\/\/geste-info.ch\/de\/wp-json\/wp\/v2\/comments?post=12457"}],"version-history":[{"count":45,"href":"https:\/\/geste-info.ch\/de\/wp-json\/wp\/v2\/pages\/12457\/revisions"}],"predecessor-version":[{"id":20757,"href":"https:\/\/geste-info.ch\/de\/wp-json\/wp\/v2\/pages\/12457\/revisions\/20757"}],"up":[{"embeddable":true,"href":"https:\/\/geste-info.ch\/de\/wp-json\/wp\/v2\/pages\/12453"}],"wp:featuredmedia":[{"embeddable":true,"href":"https:\/\/geste-info.ch\/de\/wp-json\/wp\/v2\/media\/14511"}],"wp:attachment":[{"href":"https:\/\/geste-info.ch\/de\/wp-json\/wp\/v2\/media?parent=12457"}],"curies":[{"name":"wp","href":"https:\/\/api.w.org\/{rel}","templated":true}]}}