{"id":12453,"date":"2022-03-23T11:37:31","date_gmt":"2022-03-23T10:37:31","guid":{"rendered":"https:\/\/gestedev.ch\/societe\/a-propos\/"},"modified":"2026-02-16T10:15:16","modified_gmt":"2026-02-16T09:15:16","slug":"firma","status":"publish","type":"page","link":"https:\/\/geste-info.ch\/de\/firma\/","title":{"rendered":"Unsere Firma"},"content":{"rendered":"\t\t<div data-elementor-type=\"wp-page\" data-elementor-id=\"12453\" class=\"elementor elementor-12453 elementor-9844\" data-elementor-post-type=\"page\">\n\t\t\t\t\t\t<section class=\"elementor-section elementor-top-section elementor-element elementor-element-196aa28 qodef-elementor-content-grid q-padding elementor-section-boxed elementor-section-height-default elementor-section-height-default\" data-id=\"196aa28\" data-element_type=\"section\">\n\t\t\t\t\t\t<div class=\"elementor-container elementor-column-gap-default\">\n\t\t\t\t\t<div class=\"elementor-column elementor-col-100 elementor-top-column elementor-element elementor-element-154f107\" data-id=\"154f107\" data-element_type=\"column\">\n\t\t\t<div class=\"elementor-widget-wrap elementor-element-populated\">\n\t\t\t\t\t\t<section class=\"elementor-section elementor-inner-section elementor-element elementor-element-6a5bb20 elementor-section-full_width elementor-section-height-default elementor-section-height-default qodef-elementor-content-no\" data-id=\"6a5bb20\" data-element_type=\"section\">\n\t\t\t\t\t\t<div class=\"elementor-container elementor-column-gap-default\">\n\t\t\t\t\t<div class=\"elementor-column elementor-col-33 elementor-inner-column elementor-element elementor-element-5b2c2c4\" data-id=\"5b2c2c4\" data-element_type=\"column\">\n\t\t\t<div class=\"elementor-widget-wrap\">\n\t\t\t\t\t\t\t<\/div>\n\t\t<\/div>\n\t\t\t\t<div class=\"elementor-column elementor-col-33 elementor-inner-column elementor-element elementor-element-0d694c7\" data-id=\"0d694c7\" data-element_type=\"column\">\n\t\t\t<div class=\"elementor-widget-wrap elementor-element-populated\">\n\t\t\t\t\t\t<div class=\"elementor-element elementor-element-b1cb5dc elementor-widget elementor-widget-geste_core_section_title\" data-id=\"b1cb5dc\" data-element_type=\"widget\" data-widget_type=\"geste_core_section_title.default\">\n\t\t\t\t<div class=\"elementor-widget-container\">\n\t\t\t\t\t<div class=\"qodef-shortcode qodef-m quote qodef-section-title qodef-alignment--left  \">\n\t\t\t<h2 class=\"qodef-m-title\" >\n\t\t\t\t\tUnser technisches Know-how, unsere Branchenexpertise und die enge Kundenn\u00e4he machen uns zu einem vertrauensw\u00fcrdigen ERP-Partner.\t\t\t<\/h2>\n\t\t\t<\/div>\n\t\t\t\t<\/div>\n\t\t\t\t<\/div>\n\t\t\t\t\t<\/div>\n\t\t<\/div>\n\t\t\t\t<div class=\"elementor-column elementor-col-33 elementor-inner-column elementor-element elementor-element-efeecaa\" data-id=\"efeecaa\" data-element_type=\"column\">\n\t\t\t<div class=\"elementor-widget-wrap\">\n\t\t\t\t\t\t\t<\/div>\n\t\t<\/div>\n\t\t\t\t\t<\/div>\n\t\t<\/section>\n\t\t\t\t\t<\/div>\n\t\t<\/div>\n\t\t\t\t\t<\/div>\n\t\t<\/section>\n\t\t\t\t<section class=\"elementor-section elementor-top-section elementor-element elementor-element-6013ba3 elementor-section-full_width r-c-padding elementor-section-height-default elementor-section-height-default qodef-elementor-content-no\" data-id=\"6013ba3\" data-element_type=\"section\" data-settings=\"{&quot;background_background&quot;:&quot;classic&quot;}\">\n\t\t\t\t\t\t<div class=\"elementor-container elementor-column-gap-default\">\n\t\t\t\t\t<div class=\"elementor-column elementor-col-50 elementor-top-column elementor-element elementor-element-0759c6f\" data-id=\"0759c6f\" data-element_type=\"column\" data-settings=\"{&quot;background_background&quot;:&quot;classic&quot;}\">\n\t\t\t<div class=\"elementor-widget-wrap elementor-element-populated\">\n\t\t\t\t\t\t<div class=\"elementor-element elementor-element-59709e2 elementor-widget elementor-widget-geste_core_section_title\" data-id=\"59709e2\" data-element_type=\"widget\" data-widget_type=\"geste_core_section_title.default\">\n\t\t\t\t<div class=\"elementor-widget-container\">\n\t\t\t\t\t<div class=\"qodef-shortcode qodef-m  qodef-section-title qodef-alignment--left  \">\n\t\t<h6 class=\"qodef-m-tagline\" >\n\t\tGeste Informatique SA\t<\/h6>\n\t\t<h1 class=\"qodef-m-title\" >\n\t\t\t\t\tUnsere Firma\t\t\t<\/h1>\n\t\t\t<\/div>\n\t\t\t\t<\/div>\n\t\t\t\t<\/div>\n\t\t\t\t<div class=\"elementor-element elementor-element-e79f013 elementor-widget elementor-widget-text-editor\" data-id=\"e79f013\" data-element_type=\"widget\" data-widget_type=\"text-editor.default\">\n\t\t\t\t<div class=\"elementor-widget-container\">\n\t\t\t\t\t\t\t\t\t<p>Unsere Firma wurde 1989 von den heutigen Gesch\u00e4ftsf\u00fchrern gegr\u00fcndet und ist auf die Entwicklung und Integration von leistungsstarken und innovativen ERP-Systemen spezialisiert, die der Optimierung der Verwaltung aller Arten von Unternehmen oder Institutionen gewidmet sind.<\/p><p>Seit unserer Gr\u00fcndung ver\u00f6ffentlichen wir unsere eigene ERP-L\u00f6sung mit dem Namen Agora. Unsere leistungsstarke, ergonomische und vollst\u00e4ndig modulierbare Software-Suite passt sich an Ihre Prozesse und deren Besonderheiten an \u2013 egal wie komplex diese auch seien.<\/p><p>Die spezifischen Bed\u00fcrfnisse unserer Kunden stehen stets im Mittelpunkt und werden systematisch in unsere \u00dcberlegungen und unser Konzept f\u00fcr die Entwicklung einbezogen.<\/p><p>Eine sorgf\u00e4ltige Analyse Ihrer Prozesse, eine enge Zusammenarbeit sowie eine kontinuierliche Begleitung erm\u00f6glichen es uns, hochgradige und personalisierte digitale Tools anzubieten, die st\u00e4ndig weiterentwickelt werden.<\/p><p>Wir bieten auch alle Leistungen an, die f\u00fcr die Implementierung, den Betrieb und die Wartung unserer L\u00f6sungen erforderlich sind. So sorgen wir daf\u00fcr, dass Sie sich w\u00e4hrend der Umsetzung Ihres Projekts entspannt zur\u00fccklehnen k\u00f6nnen.<\/p>\t\t\t\t\t\t\t\t<\/div>\n\t\t\t\t<\/div>\n\t\t\t\t\t<\/div>\n\t\t<\/div>\n\t\t\t\t<div class=\"elementor-column elementor-col-50 elementor-top-column elementor-element elementor-element-f6c3fcf d-none\" data-id=\"f6c3fcf\" data-element_type=\"column\" data-settings=\"{&quot;background_background&quot;:&quot;slideshow&quot;,&quot;background_slideshow_gallery&quot;:[{&quot;id&quot;:12346,&quot;url&quot;:&quot;https:\\\/\\\/geste-info.ch\\\/wp-content\\\/uploads\\\/abstact_sq-6.jpg&quot;}],&quot;background_slideshow_loop&quot;:&quot;yes&quot;,&quot;background_slideshow_slide_duration&quot;:5000,&quot;background_slideshow_slide_transition&quot;:&quot;fade&quot;,&quot;background_slideshow_transition_duration&quot;:500}\">\n\t\t\t<div class=\"elementor-widget-wrap\">\n\t\t\t\t\t\t\t<\/div>\n\t\t<\/div>\n\t\t\t\t\t<\/div>\n\t\t<\/section>\n\t\t\t\t<section class=\"elementor-section elementor-top-section elementor-element elementor-element-56bee8c elementor-section-full_width darkblue q-padding elementor-section-height-default elementor-section-height-default qodef-elementor-content-no\" data-id=\"56bee8c\" data-element_type=\"section\" data-settings=\"{&quot;background_background&quot;:&quot;classic&quot;}\">\n\t\t\t\t\t\t<div class=\"elementor-container elementor-column-gap-default\">\n\t\t\t\t\t<div class=\"elementor-column elementor-col-100 elementor-top-column elementor-element elementor-element-af9e746\" data-id=\"af9e746\" data-element_type=\"column\" data-settings=\"{&quot;background_background&quot;:&quot;classic&quot;}\">\n\t\t\t<div class=\"elementor-widget-wrap elementor-element-populated\">\n\t\t\t\t\t\t<section class=\"elementor-section elementor-inner-section elementor-element elementor-element-897c9af elementor-section-boxed elementor-section-height-default elementor-section-height-default qodef-elementor-content-no\" data-id=\"897c9af\" data-element_type=\"section\" data-settings=\"{&quot;background_background&quot;:&quot;classic&quot;}\">\n\t\t\t\t\t\t<div class=\"elementor-container elementor-column-gap-default\">\n\t\t\t\t\t<div class=\"elementor-column elementor-col-100 elementor-inner-column elementor-element elementor-element-9c86627\" data-id=\"9c86627\" data-element_type=\"column\">\n\t\t\t<div class=\"elementor-widget-wrap elementor-element-populated\">\n\t\t\t\t\t\t<div class=\"elementor-element elementor-element-28dd807 elementor-widget elementor-widget-geste_core_section_title\" data-id=\"28dd807\" data-element_type=\"widget\" data-widget_type=\"geste_core_section_title.default\">\n\t\t\t\t<div class=\"elementor-widget-container\">\n\t\t\t\t\t<div class=\"qodef-shortcode qodef-m  qodef-section-title qodef-alignment--center  \">\n\t\t\t<h2 class=\"qodef-m-title\" >\n\t\t\t\t\tUnsere Mission\t\t\t<\/h2>\n\t\t<h6 class=\"qodef-m-subtitle\" style=\"color: #FFFFFF\">\n\t\tWir bieten unserer Kundschaft vollst\u00e4ndig integrierte, zuverl\u00e4ssige und benutzerfreundliche ERP-L\u00f6sungen mit einem breiten Spektrum an Funktionen, die genau auf ihr Gesch\u00e4ft zugeschnitten sind, um Prozesse zu optimieren, das Wachstum zu f\u00f6rdern und die Rentabilit\u00e4t ihres Unternehmens zu steigern.\t<\/h6>\n\t\t<\/div>\n\t\t\t\t<\/div>\n\t\t\t\t<\/div>\n\t\t\t\t\t<\/div>\n\t\t<\/div>\n\t\t\t\t\t<\/div>\n\t\t<\/section>\n\t\t\t\t<section class=\"elementor-section elementor-inner-section elementor-element elementor-element-c7f85a8 elementor-section-boxed elementor-section-height-default elementor-section-height-default qodef-elementor-content-no\" data-id=\"c7f85a8\" data-element_type=\"section\">\n\t\t\t\t\t\t<div class=\"elementor-container elementor-column-gap-default\">\n\t\t\t\t\t<div class=\"elementor-column elementor-col-33 elementor-inner-column elementor-element elementor-element-47527bc\" data-id=\"47527bc\" data-element_type=\"column\">\n\t\t\t<div class=\"elementor-widget-wrap elementor-element-populated\">\n\t\t\t\t\t\t<div class=\"elementor-element elementor-element-71d35be elementor-widget elementor-widget-geste_core_icon_with_text\" data-id=\"71d35be\" data-element_type=\"widget\" data-widget_type=\"geste_core_icon_with_text.default\">\n\t\t\t\t<div class=\"elementor-widget-container\">\n\t\t\t\t\t<div class=\"qodef-shortcode qodef-m darkmode qodef-icon-with-text qodef-layout--top qodef--custom-icon qodef--retina  qodef-alignment--center\">\n\t<div class=\"qodef-m-icon-wrapper\" >\n\t\t\t\t\t<a itemprop=\"url\" href=\"https:\/\/geste-info.ch\/de\/agora\/\" target=\"_self\">\n\t\t\t<img decoding=\"async\" width=\"170\" height=\"170\" src=\"https:\/\/geste-info.ch\/wp-content\/uploads\/icon-agora.svg\" class=\"attachment-full size-full\" alt=\"Agora\" \/>\t\t\t<\/a>\n\t\t<\/div>\n\t<div class=\"qodef-m-content\">\n\t\t\t<h5 class=\"qodef-m-title\" style=\"color: #FFFFFF\">\n\t\t\t\t\t<a itemprop=\"url\" href=\"https:\/\/geste-info.ch\/de\/agora\/\" target=\"_self\">\n\t\t\t\t\t<span class=\"qodef-m-title-text\">Agora<\/span>\n\t\t\t\t\t<\/a>\n\t\t\t<\/h5>\n\t\t\t<p class=\"qodef-m-text-field\" style=\"color: #FFFFFF\">Ein vollst\u00e4ndig integriertes, innovatives Management-Softwarepaket im Dienste Ihrer Produktivit\u00e4t.<\/p>\n\t\t\t<div class=\"qodef-m-button\">\n\t\t<a class=\"qodef-shortcode qodef-m  qodef-button qodef-layout--filled-one  qodef-html--link \" href=\"https:\/\/geste-info.ch\/de\/agora\/\" target=\"_self\"  >\t<span class=\"qodef-m-text\">&gt;<\/span><\/a>\t<\/div>\n\t<\/div>\n<\/div>\n\t\t\t\t<\/div>\n\t\t\t\t<\/div>\n\t\t\t\t\t<\/div>\n\t\t<\/div>\n\t\t\t\t<div class=\"elementor-column elementor-col-33 elementor-inner-column elementor-element elementor-element-ab897d3\" data-id=\"ab897d3\" data-element_type=\"column\">\n\t\t\t<div class=\"elementor-widget-wrap elementor-element-populated\">\n\t\t\t\t\t\t<div class=\"elementor-element elementor-element-51336f1 elementor-widget elementor-widget-geste_core_icon_with_text\" data-id=\"51336f1\" data-element_type=\"widget\" data-widget_type=\"geste_core_icon_with_text.default\">\n\t\t\t\t<div class=\"elementor-widget-container\">\n\t\t\t\t\t<div class=\"qodef-shortcode qodef-m darkmode qodef-icon-with-text qodef-layout--top qodef--custom-icon qodef--retina  qodef-alignment--center\">\n\t<div class=\"qodef-m-icon-wrapper\" >\n\t\t\t\t\t<a itemprop=\"url\" href=\"https:\/\/geste-info.ch\/de\/loesungen\/allgemeines\/\" target=\"_self\">\n\t\t\t<img decoding=\"async\" width=\"170\" height=\"170\" src=\"https:\/\/geste-info.ch\/wp-content\/uploads\/icon-solutions.svg\" class=\"attachment-full size-full\" alt=\"\" \/>\t\t\t<\/a>\n\t\t<\/div>\n\t<div class=\"qodef-m-content\">\n\t\t\t<h5 class=\"qodef-m-title\" style=\"color: #FFFFFF\">\n\t\t\t\t\t<a itemprop=\"url\" href=\"https:\/\/geste-info.ch\/de\/loesungen\/allgemeines\/\" target=\"_self\">\n\t\t\t\t\t<span class=\"qodef-m-title-text\">Unsere L\u00f6sungen<\/span>\n\t\t\t\t\t<\/a>\n\t\t\t<\/h5>\n\t\t\t<p class=\"qodef-m-text-field\" style=\"color: #FFFFFF\">Softwarel\u00f6sungen, die perfekt auf die Anforderungen Ihrer Branche zugeschnitten sind.<\/p>\n\t\t\t<div class=\"qodef-m-button\">\n\t\t<a class=\"qodef-shortcode qodef-m  qodef-button qodef-layout--filled-one  qodef-html--link \" href=\"https:\/\/geste-info.ch\/de\/loesungen\/allgemeines\/\" target=\"_self\"  >\t<span class=\"qodef-m-text\">&gt;<\/span><\/a>\t<\/div>\n\t<\/div>\n<\/div>\n\t\t\t\t<\/div>\n\t\t\t\t<\/div>\n\t\t\t\t\t<\/div>\n\t\t<\/div>\n\t\t\t\t<div class=\"elementor-column elementor-col-33 elementor-inner-column elementor-element elementor-element-49bab96\" data-id=\"49bab96\" data-element_type=\"column\">\n\t\t\t<div class=\"elementor-widget-wrap elementor-element-populated\">\n\t\t\t\t\t\t<div class=\"elementor-element elementor-element-1481571 elementor-widget elementor-widget-geste_core_icon_with_text\" data-id=\"1481571\" data-element_type=\"widget\" data-widget_type=\"geste_core_icon_with_text.default\">\n\t\t\t\t<div class=\"elementor-widget-container\">\n\t\t\t\t\t<div class=\"qodef-shortcode qodef-m darkmode qodef-icon-with-text qodef-layout--top qodef--custom-icon qodef--retina  qodef-alignment--center\">\n\t<div class=\"qodef-m-icon-wrapper\" >\n\t\t\t\t\t<a itemprop=\"url\" href=\"https:\/\/geste-info.ch\/de\/dienstleistungen\/\" target=\"_self\">\n\t\t\t<img decoding=\"async\" width=\"170\" height=\"170\" src=\"https:\/\/geste-info.ch\/wp-content\/uploads\/icon-services.svg\" class=\"attachment-full size-full\" alt=\"\" \/>\t\t\t<\/a>\n\t\t<\/div>\n\t<div class=\"qodef-m-content\">\n\t\t\t<h5 class=\"qodef-m-title\" style=\"color: #FFFFFF\">\n\t\t\t\t\t<a itemprop=\"url\" href=\"https:\/\/geste-info.ch\/de\/dienstleistungen\/\" target=\"_self\">\n\t\t\t\t\t<span class=\"qodef-m-title-text\">Unsere Dienstleistungen<\/span>\n\t\t\t\t\t<\/a>\n\t\t\t<\/h5>\n\t\t\t<p class=\"qodef-m-text-field\" style=\"color: #FFFFFF\">Ein umfassendes Serviceangebot, das von unseren Experten gew\u00e4hrleistet wird, um Sie zu unterst\u00fctzen und zu begleiten.<\/p>\n\t\t\t<div class=\"qodef-m-button\">\n\t\t<a class=\"qodef-shortcode qodef-m  qodef-button qodef-layout--filled-one  qodef-html--link \" href=\"https:\/\/geste-info.ch\/de\/dienstleistungen\/\" target=\"_self\"  >\t<span class=\"qodef-m-text\">&gt;<\/span><\/a>\t<\/div>\n\t<\/div>\n<\/div>\n\t\t\t\t<\/div>\n\t\t\t\t<\/div>\n\t\t\t\t\t<\/div>\n\t\t<\/div>\n\t\t\t\t\t<\/div>\n\t\t<\/section>\n\t\t\t\t\t<\/div>\n\t\t<\/div>\n\t\t\t\t\t<\/div>\n\t\t<\/section>\n\t\t\t\t<\/div>\n\t\t","protected":false},"excerpt":{"rendered":"<p>Unser technisches Know-how, unsere Branchenexpertise und die enge Kundenn\u00e4he machen uns zu einem vertrauensw\u00fcrdigen ERP-Partner. Geste Informatique SA Unsere Firma Unsere Firma wurde 1989 von den heutigen Gesch\u00e4ftsf\u00fchrern gegr\u00fcndet und ist auf die Entwicklung und Integration von leistungsstarken und innovativen ERP-Systemen spezialisiert, die der Optimierung der Verwaltung aller Arten von Unternehmen oder Institutionen gewidmet sind. [&hellip;]<\/p>\n","protected":false},"author":1,"featured_media":14254,"parent":0,"menu_order":33,"comment_status":"closed","ping_status":"closed","template":"page-full-width.php","meta":{"inline_featured_image":false,"_monsterinsights_skip_tracking":false,"_monsterinsights_sitenote_active":false,"_monsterinsights_sitenote_note":"","_monsterinsights_sitenote_category":0,"footnotes":"","_links_to":"","_links_to_target":""},"class_list":["post-12453","page","type-page","status-publish","has-post-thumbnail","hentry"],"yoast_head":"<!-- This site is optimized with the Yoast SEO plugin v26.2 - https:\/\/yoast.com\/wordpress\/plugins\/seo\/ -->\n<title>Unsere Firma | Geste Informatique SA<\/title>\n<meta name=\"description\" content=\"Technisches Know-how, Fachkompetenz und N\u00e4he haben unsere Firma zu einem renommierten Partner auf dem ERP-Markt gemacht.\" \/>\n<meta name=\"robots\" content=\"index, follow, max-snippet:-1, max-image-preview:large, max-video-preview:-1\" \/>\n<link rel=\"canonical\" href=\"https:\/\/geste-info.ch\/de\/firma\/\" \/>\n<meta property=\"og:locale\" content=\"de_DE\" \/>\n<meta property=\"og:type\" content=\"article\" \/>\n<meta property=\"og:title\" content=\"Unsere Firma | Geste Informatique SA\" \/>\n<meta property=\"og:description\" content=\"Technisches Know-how, Fachkompetenz und N\u00e4he haben unsere Firma zu einem renommierten Partner auf dem ERP-Markt gemacht.\" \/>\n<meta property=\"og:url\" content=\"https:\/\/geste-info.ch\/de\/firma\/\" \/>\n<meta property=\"og:site_name\" content=\"Geste Informatique SA\" \/>\n<meta property=\"article:modified_time\" content=\"2026-02-16T09:15:16+00:00\" \/>\n<meta property=\"og:image\" content=\"https:\/\/geste-info.ch\/wp-content\/uploads\/Societe_SEO.png\" \/>\n\t<meta property=\"og:image:width\" content=\"500\" \/>\n\t<meta property=\"og:image:height\" content=\"500\" \/>\n\t<meta property=\"og:image:type\" content=\"image\/png\" \/>\n<meta name=\"twitter:card\" content=\"summary_large_image\" \/>\n<script type=\"application\/ld+json\" class=\"yoast-schema-graph\">{\"@context\":\"https:\/\/schema.org\",\"@graph\":[{\"@type\":\"WebPage\",\"@id\":\"https:\/\/geste-info.ch\/de\/firma\/\",\"url\":\"https:\/\/geste-info.ch\/de\/firma\/\",\"name\":\"Unsere Firma | Geste Informatique SA\",\"isPartOf\":{\"@id\":\"http:\/\/geste-info.ch\/de\/#website\"},\"primaryImageOfPage\":{\"@id\":\"https:\/\/geste-info.ch\/de\/firma\/#primaryimage\"},\"image\":{\"@id\":\"https:\/\/geste-info.ch\/de\/firma\/#primaryimage\"},\"thumbnailUrl\":\"https:\/\/geste-info.ch\/wp-content\/uploads\/Societe_SEO.png\",\"datePublished\":\"2022-03-23T10:37:31+00:00\",\"dateModified\":\"2026-02-16T09:15:16+00:00\",\"description\":\"Technisches Know-how, Fachkompetenz und N\u00e4he haben unsere Firma zu einem renommierten Partner auf dem ERP-Markt gemacht.\",\"breadcrumb\":{\"@id\":\"https:\/\/geste-info.ch\/de\/firma\/#breadcrumb\"},\"inLanguage\":\"de\",\"potentialAction\":[{\"@type\":\"ReadAction\",\"target\":[\"https:\/\/geste-info.ch\/de\/firma\/\"]}]},{\"@type\":\"ImageObject\",\"inLanguage\":\"de\",\"@id\":\"https:\/\/geste-info.ch\/de\/firma\/#primaryimage\",\"url\":\"https:\/\/geste-info.ch\/wp-content\/uploads\/Societe_SEO.png\",\"contentUrl\":\"https:\/\/geste-info.ch\/wp-content\/uploads\/Societe_SEO.png\",\"width\":500,\"height\":500,\"caption\":\"image soci\u00e9t\u00e9\"},{\"@type\":\"BreadcrumbList\",\"@id\":\"https:\/\/geste-info.ch\/de\/firma\/#breadcrumb\",\"itemListElement\":[{\"@type\":\"ListItem\",\"position\":1,\"name\":\"Startseite\",\"item\":\"https:\/\/geste-info.ch\/de\/\"},{\"@type\":\"ListItem\",\"position\":2,\"name\":\"Unsere Firma\"}]},{\"@type\":\"WebSite\",\"@id\":\"http:\/\/geste-info.ch\/de\/#website\",\"url\":\"http:\/\/geste-info.ch\/de\/\",\"name\":\"Geste Informatique SA\",\"description\":\"Solutions ERP suisses innovantes\",\"publisher\":{\"@id\":\"http:\/\/geste-info.ch\/de\/#organization\"},\"potentialAction\":[{\"@type\":\"SearchAction\",\"target\":{\"@type\":\"EntryPoint\",\"urlTemplate\":\"http:\/\/geste-info.ch\/de\/?s={search_term_string}\"},\"query-input\":{\"@type\":\"PropertyValueSpecification\",\"valueRequired\":true,\"valueName\":\"search_term_string\"}}],\"inLanguage\":\"de\"},{\"@type\":\"Organization\",\"@id\":\"http:\/\/geste-info.ch\/de\/#organization\",\"name\":\"Geste Informatique SA\",\"url\":\"http:\/\/geste-info.ch\/de\/\",\"logo\":{\"@type\":\"ImageObject\",\"inLanguage\":\"de\",\"@id\":\"http:\/\/geste-info.ch\/de\/#\/schema\/logo\/image\/\",\"url\":\"https:\/\/geste-info.ch\/wp-content\/uploads\/Logo_Site.png\",\"contentUrl\":\"https:\/\/geste-info.ch\/wp-content\/uploads\/Logo_Site.png\",\"width\":150,\"height\":150,\"caption\":\"Geste Informatique SA\"},\"image\":{\"@id\":\"http:\/\/geste-info.ch\/de\/#\/schema\/logo\/image\/\"}}]}<\/script>\n<!-- \/ Yoast SEO plugin. -->","yoast_head_json":{"title":"Unsere Firma | Geste Informatique SA","description":"Technisches Know-how, Fachkompetenz und N\u00e4he haben unsere Firma zu einem renommierten Partner auf dem ERP-Markt gemacht.","robots":{"index":"index","follow":"follow","max-snippet":"max-snippet:-1","max-image-preview":"max-image-preview:large","max-video-preview":"max-video-preview:-1"},"canonical":"https:\/\/geste-info.ch\/de\/firma\/","og_locale":"de_DE","og_type":"article","og_title":"Unsere Firma | Geste Informatique SA","og_description":"Technisches Know-how, Fachkompetenz und N\u00e4he haben unsere Firma zu einem renommierten Partner auf dem ERP-Markt gemacht.","og_url":"https:\/\/geste-info.ch\/de\/firma\/","og_site_name":"Geste Informatique SA","article_modified_time":"2026-02-16T09:15:16+00:00","og_image":[{"width":500,"height":500,"url":"https:\/\/geste-info.ch\/wp-content\/uploads\/Societe_SEO.png","type":"image\/png"}],"twitter_card":"summary_large_image","schema":{"@context":"https:\/\/schema.org","@graph":[{"@type":"WebPage","@id":"https:\/\/geste-info.ch\/de\/firma\/","url":"https:\/\/geste-info.ch\/de\/firma\/","name":"Unsere Firma | Geste Informatique SA","isPartOf":{"@id":"http:\/\/geste-info.ch\/de\/#website"},"primaryImageOfPage":{"@id":"https:\/\/geste-info.ch\/de\/firma\/#primaryimage"},"image":{"@id":"https:\/\/geste-info.ch\/de\/firma\/#primaryimage"},"thumbnailUrl":"https:\/\/geste-info.ch\/wp-content\/uploads\/Societe_SEO.png","datePublished":"2022-03-23T10:37:31+00:00","dateModified":"2026-02-16T09:15:16+00:00","description":"Technisches Know-how, Fachkompetenz und N\u00e4he haben unsere Firma zu einem renommierten Partner auf dem ERP-Markt gemacht.","breadcrumb":{"@id":"https:\/\/geste-info.ch\/de\/firma\/#breadcrumb"},"inLanguage":"de","potentialAction":[{"@type":"ReadAction","target":["https:\/\/geste-info.ch\/de\/firma\/"]}]},{"@type":"ImageObject","inLanguage":"de","@id":"https:\/\/geste-info.ch\/de\/firma\/#primaryimage","url":"https:\/\/geste-info.ch\/wp-content\/uploads\/Societe_SEO.png","contentUrl":"https:\/\/geste-info.ch\/wp-content\/uploads\/Societe_SEO.png","width":500,"height":500,"caption":"image soci\u00e9t\u00e9"},{"@type":"BreadcrumbList","@id":"https:\/\/geste-info.ch\/de\/firma\/#breadcrumb","itemListElement":[{"@type":"ListItem","position":1,"name":"Startseite","item":"https:\/\/geste-info.ch\/de\/"},{"@type":"ListItem","position":2,"name":"Unsere Firma"}]},{"@type":"WebSite","@id":"http:\/\/geste-info.ch\/de\/#website","url":"http:\/\/geste-info.ch\/de\/","name":"Geste Informatique SA","description":"Solutions ERP suisses innovantes","publisher":{"@id":"http:\/\/geste-info.ch\/de\/#organization"},"potentialAction":[{"@type":"SearchAction","target":{"@type":"EntryPoint","urlTemplate":"http:\/\/geste-info.ch\/de\/?s={search_term_string}"},"query-input":{"@type":"PropertyValueSpecification","valueRequired":true,"valueName":"search_term_string"}}],"inLanguage":"de"},{"@type":"Organization","@id":"http:\/\/geste-info.ch\/de\/#organization","name":"Geste Informatique SA","url":"http:\/\/geste-info.ch\/de\/","logo":{"@type":"ImageObject","inLanguage":"de","@id":"http:\/\/geste-info.ch\/de\/#\/schema\/logo\/image\/","url":"https:\/\/geste-info.ch\/wp-content\/uploads\/Logo_Site.png","contentUrl":"https:\/\/geste-info.ch\/wp-content\/uploads\/Logo_Site.png","width":150,"height":150,"caption":"Geste Informatique SA"},"image":{"@id":"http:\/\/geste-info.ch\/de\/#\/schema\/logo\/image\/"}}]}},"_links":{"self":[{"href":"https:\/\/geste-info.ch\/de\/wp-json\/wp\/v2\/pages\/12453","targetHints":{"allow":["GET"]}}],"collection":[{"href":"https:\/\/geste-info.ch\/de\/wp-json\/wp\/v2\/pages"}],"about":[{"href":"https:\/\/geste-info.ch\/de\/wp-json\/wp\/v2\/types\/page"}],"author":[{"embeddable":true,"href":"https:\/\/geste-info.ch\/de\/wp-json\/wp\/v2\/users\/1"}],"replies":[{"embeddable":true,"href":"https:\/\/geste-info.ch\/de\/wp-json\/wp\/v2\/comments?post=12453"}],"version-history":[{"count":68,"href":"https:\/\/geste-info.ch\/de\/wp-json\/wp\/v2\/pages\/12453\/revisions"}],"predecessor-version":[{"id":20846,"href":"https:\/\/geste-info.ch\/de\/wp-json\/wp\/v2\/pages\/12453\/revisions\/20846"}],"wp:featuredmedia":[{"embeddable":true,"href":"https:\/\/geste-info.ch\/de\/wp-json\/wp\/v2\/media\/14254"}],"wp:attachment":[{"href":"https:\/\/geste-info.ch\/de\/wp-json\/wp\/v2\/media?parent=12453"}],"curies":[{"name":"wp","href":"https:\/\/api.w.org\/{rel}","templated":true}]}}