{"id":12455,"date":"2022-03-23T11:38:08","date_gmt":"2022-03-23T10:38:08","guid":{"rendered":"https:\/\/gestedev.ch\/societe\/notre-approche\/"},"modified":"2026-01-29T16:09:04","modified_gmt":"2026-01-29T15:09:04","slug":"unser-ansatz","status":"publish","type":"page","link":"http:\/\/geste-info.ch\/de\/firma\/unser-ansatz\/","title":{"rendered":"Unser Ansatz"},"content":{"rendered":"\t\t<div data-elementor-type=\"wp-page\" data-elementor-id=\"12455\" class=\"elementor elementor-12455 elementor-9846\" data-elementor-post-type=\"page\">\n\t\t\t\t\t\t<section class=\"elementor-section elementor-top-section elementor-element elementor-element-196aa28 qodef-elementor-content-grid q-padding elementor-section-boxed elementor-section-height-default elementor-section-height-default\" data-id=\"196aa28\" data-element_type=\"section\">\n\t\t\t\t\t\t<div class=\"elementor-container elementor-column-gap-default\">\n\t\t\t\t\t<div class=\"elementor-column elementor-col-100 elementor-top-column elementor-element elementor-element-154f107\" data-id=\"154f107\" data-element_type=\"column\">\n\t\t\t<div class=\"elementor-widget-wrap elementor-element-populated\">\n\t\t\t\t\t\t<section class=\"elementor-section elementor-inner-section elementor-element elementor-element-6a5bb20 elementor-section-full_width elementor-section-height-default elementor-section-height-default qodef-elementor-content-no\" data-id=\"6a5bb20\" data-element_type=\"section\">\n\t\t\t\t\t\t<div class=\"elementor-container elementor-column-gap-default\">\n\t\t\t\t\t<div class=\"elementor-column elementor-col-33 elementor-inner-column elementor-element elementor-element-5b2c2c4\" data-id=\"5b2c2c4\" data-element_type=\"column\">\n\t\t\t<div class=\"elementor-widget-wrap\">\n\t\t\t\t\t\t\t<\/div>\n\t\t<\/div>\n\t\t\t\t<div class=\"elementor-column elementor-col-33 elementor-inner-column elementor-element elementor-element-0d694c7\" data-id=\"0d694c7\" data-element_type=\"column\">\n\t\t\t<div class=\"elementor-widget-wrap elementor-element-populated\">\n\t\t\t\t\t\t<div class=\"elementor-element elementor-element-b1cb5dc elementor-widget elementor-widget-geste_core_section_title\" data-id=\"b1cb5dc\" data-element_type=\"widget\" data-widget_type=\"geste_core_section_title.default\">\n\t\t\t\t<div class=\"elementor-widget-container\">\n\t\t\t\t\t<div class=\"qodef-shortcode qodef-m quote qodef-section-title qodef-alignment--left  \">\n\t\t\t<h2 class=\"qodef-m-title\" >\n\t\t\t\t\tDank einer bew\u00e4hrten Methodik wird jede Projektphase individuell gestaltet und perfekt auf Ihre Bed\u00fcrfnisse abgestimmt.\t\t\t<\/h2>\n\t\t\t<\/div>\n\t\t\t\t<\/div>\n\t\t\t\t<\/div>\n\t\t\t\t\t<\/div>\n\t\t<\/div>\n\t\t\t\t<div class=\"elementor-column elementor-col-33 elementor-inner-column elementor-element elementor-element-efeecaa\" data-id=\"efeecaa\" data-element_type=\"column\">\n\t\t\t<div class=\"elementor-widget-wrap\">\n\t\t\t\t\t\t\t<\/div>\n\t\t<\/div>\n\t\t\t\t\t<\/div>\n\t\t<\/section>\n\t\t\t\t\t<\/div>\n\t\t<\/div>\n\t\t\t\t\t<\/div>\n\t\t<\/section>\n\t\t\t\t<section class=\"elementor-section elementor-top-section elementor-element elementor-element-953d869 elementor-section-boxed elementor-section-height-default elementor-section-height-default qodef-elementor-content-no\" data-id=\"953d869\" data-element_type=\"section\" data-settings=\"{&quot;background_background&quot;:&quot;classic&quot;}\">\n\t\t\t\t\t\t<div class=\"elementor-container elementor-column-gap-default\">\n\t\t\t\t\t<div class=\"elementor-column elementor-col-33 elementor-top-column elementor-element elementor-element-93030ed\" data-id=\"93030ed\" data-element_type=\"column\">\n\t\t\t<div class=\"elementor-widget-wrap\">\n\t\t\t\t\t\t\t<\/div>\n\t\t<\/div>\n\t\t\t\t<div class=\"elementor-column elementor-col-33 elementor-top-column elementor-element elementor-element-e87afbd\" data-id=\"e87afbd\" data-element_type=\"column\">\n\t\t\t<div class=\"elementor-widget-wrap elementor-element-populated\">\n\t\t\t\t\t\t<div class=\"elementor-element elementor-element-85a3f55 elementor-widget elementor-widget-geste_core_section_title\" data-id=\"85a3f55\" data-element_type=\"widget\" data-widget_type=\"geste_core_section_title.default\">\n\t\t\t\t<div class=\"elementor-widget-container\">\n\t\t\t\t\t<div class=\"qodef-shortcode qodef-m  qodef-section-title qodef-alignment--center  \">\n\t\t<h6 class=\"qodef-m-tagline\" >\n\t\tfirma\t<\/h6>\n\t\t<h1 class=\"qodef-m-title\" >\n\t\t\t\t\tUnser Ansatz\t\t\t<\/h1>\n\t\t\t<\/div>\n\t\t\t\t<\/div>\n\t\t\t\t<\/div>\n\t\t\t\t\t<\/div>\n\t\t<\/div>\n\t\t\t\t<div class=\"elementor-column elementor-col-33 elementor-top-column elementor-element elementor-element-8ad5dbd\" data-id=\"8ad5dbd\" data-element_type=\"column\">\n\t\t\t<div class=\"elementor-widget-wrap\">\n\t\t\t\t\t\t\t<\/div>\n\t\t<\/div>\n\t\t\t\t\t<\/div>\n\t\t<\/section>\n\t\t\t\t<section class=\"elementor-section elementor-top-section elementor-element elementor-element-37b19e3 elementor-section-boxed elementor-section-height-default elementor-section-height-default qodef-elementor-content-no\" data-id=\"37b19e3\" data-element_type=\"section\" data-settings=\"{&quot;background_background&quot;:&quot;classic&quot;}\">\n\t\t\t\t\t\t<div class=\"elementor-container elementor-column-gap-default\">\n\t\t\t\t\t<div class=\"elementor-column elementor-col-100 elementor-top-column elementor-element elementor-element-843d16f\" data-id=\"843d16f\" data-element_type=\"column\">\n\t\t\t<div class=\"elementor-widget-wrap elementor-element-populated\">\n\t\t\t\t\t\t<div class=\"elementor-element elementor-element-f25b2bd elementor-widget elementor-widget-qi_addons_for_elementor_timeline\" data-id=\"f25b2bd\" data-element_type=\"widget\" data-widget_type=\"qi_addons_for_elementor_timeline.default\">\n\t\t\t\t<div class=\"elementor-widget-container\">\n\t\t\t\t\t<div class=\"qodef-shortcode qodef-m qodef-qi-timeline qodef-timeline--vertical qodef-timeline-layout--vertical-separated qodef-line--outside qodef-point--standard qodef-qi--has-appear qodef-reverse-padding\">\n\t<div class=\"qodef-e qodef-e-item elementor-repeater-item-26857e1 qodef-obverse\">\n\t<div class=\"qodef-e-line-holder\">\n\t\t<span class=\"qodef-e-line\"><\/span>\n\t<\/div>\n\t<div class=\"qodef-e-item-inner\">\n\t\t<div class=\"qodef-e-point-holder\">\n\t\t\t<div class=\"qodef-e-point\">\n\t\t\t\t\t\t\t<\/div>\n\t\t<\/div>\n\t\t<div class=\"qodef-e-side-holder\">\n\t\t\t<div class=\"qodef-e-image\">\n\t<img decoding=\"async\" src=\"http:\/\/geste-info.ch\/wp-content\/uploads\/qi-addons-for-elementor-placeholder.png\" class=\"attachment-full size-full\" alt=\"Spacer\" \/><\/div>\n\t\t<\/div>\n\t\t<div class=\"qodef-e-content-holder\">\n\t\t\t\t<div class=\"qodef-e-date\">\n\t\t01. ERSTES TREFFEN\t<\/div>\n\t\t\t\t\t<h4 class=\"qodef-e-title\">\n\t\tIhre Bed\u00fcrfnisse verstehen\t\t<\/h4>\n\t\t\t\t\t<p class=\"qodef-e-text\">\n\t\tBei unserem ersten Treffen nehmen wir uns die Zeit, Ihnen zuzuh\u00f6ren, um Ihr Projekt bestm\u00f6glich zu erfassen, Ihre Arbeitsweise zu verstehen und Ihre Erwartungen und Bed\u00fcrfnisse richtig zu definieren. Wir stellen Ihnen auch unser Unternehmen vor und bieten Ihnen, wenn Sie m\u00f6chten, eine Demonstration unserer L\u00f6sung. Auch das Budget, das Sie bereitstellen wollen, sowie die IT-Infrastruktur Ihres Unternehmens werden besprochen.\t<\/p>\n\t\t\t<\/div>\n\t<\/div>\n<\/div>\n<div class=\"qodef-e qodef-e-item elementor-repeater-item-2020ad6 qodef-reverse\">\n\t<div class=\"qodef-e-line-holder\">\n\t\t<span class=\"qodef-e-line\"><\/span>\n\t<\/div>\n\t<div class=\"qodef-e-item-inner\">\n\t\t<div class=\"qodef-e-point-holder\">\n\t\t\t<div class=\"qodef-e-point\">\n\t\t\t\t\t\t\t<\/div>\n\t\t<\/div>\n\t\t<div class=\"qodef-e-side-holder\">\n\t\t\t<div class=\"qodef-e-image\">\n\t<img decoding=\"async\" src=\"http:\/\/geste-info.ch\/wp-content\/uploads\/qi-addons-for-elementor-placeholder.png\" class=\"attachment-full size-full\" alt=\"Spacer\" \/><\/div>\n\t\t<\/div>\n\t\t<div class=\"qodef-e-content-holder\">\n\t\t\t\t<div class=\"qodef-e-date\">\n\t\t02. GR\u00dcNDLICHE ANALYSE UND VORSCHLAG\t<\/div>\n\t\t\t\t\t<h4 class=\"qodef-e-title\">\n\t\tDie L\u00f6sungen definieren\t\t<\/h4>\n\t\t\t\t\t<p class=\"qodef-e-text\">\n\t\tWir analysieren Ihre bestehenden Prozesse gr\u00fcndlich, um Ihnen die am besten geeignete L\u00f6sung vorzuschlagen. Die zahlreichen, standardm\u00e4ssig verf\u00fcgbaren Funktionen erf\u00fcllen in der Regel die meisten Anforderungen; wir stellen jedoch fest, welche individuellen Einstellungen vorgenommen werden m\u00fcssen und ob spezifische Entwicklungen erforderlich sind, um Ihre Ziele zu erreichen. Anschliessend teilen wir Ihnen unsere Vorschl\u00e4ge in Form eines detaillierten Angebots mit, das wir gemeinsam verfeinern k\u00f6nnen.\t<\/p>\n\t\t\t<\/div>\n\t<\/div>\n<\/div>\n<div class=\"qodef-e qodef-e-item elementor-repeater-item-3b9d938 qodef-obverse\">\n\t<div class=\"qodef-e-line-holder\">\n\t\t<span class=\"qodef-e-line\"><\/span>\n\t<\/div>\n\t<div class=\"qodef-e-item-inner\">\n\t\t<div class=\"qodef-e-point-holder\">\n\t\t\t<div class=\"qodef-e-point\">\n\t\t\t\t\t\t\t<\/div>\n\t\t<\/div>\n\t\t<div class=\"qodef-e-side-holder\">\n\t\t\t<div class=\"qodef-e-image\">\n\t<img decoding=\"async\" src=\"http:\/\/geste-info.ch\/wp-content\/uploads\/qi-addons-for-elementor-placeholder.png\" class=\"attachment-full size-full\" alt=\"Spacer\" \/><\/div>\n\t\t<\/div>\n\t\t<div class=\"qodef-e-content-holder\">\n\t\t\t\t<div class=\"qodef-e-date\">\n\t\t03. ANPASSUNG UND ENTWICKLUNG\t<\/div>\n\t\t\t\t\t<h4 class=\"qodef-e-title\">\n\t\tIhr massgeschneidertes ERP\t\t<\/h4>\n\t\t\t\t\t<p class=\"qodef-e-text\">\n\t\tIn dieser Phase k\u00f6nnen Sie die Vorteile der hochpersonalisierbaren Natur unseres ERP-Systems voll n\u00fctzen. Wir parametrisieren und stimmen die Funktionen bis ins kleinste Detail ab, damit sie sich perfekt an Ihre Gesch\u00e4ftsprozesse anpassen. Bed\u00fcrfnisse, die spezifische Entwicklungen erfordern, werden ebenfalls befriedigt. Diese Aktivit\u00e4ten werden von Feedbackzyklen begleitet, um sicherzustellen, dass sie relevant und Sie zufrieden sind.\t<\/p>\n\t\t\t<\/div>\n\t<\/div>\n<\/div>\n<div class=\"qodef-e qodef-e-item elementor-repeater-item-daeac66 qodef-reverse\">\n\t<div class=\"qodef-e-line-holder\">\n\t\t<span class=\"qodef-e-line\"><\/span>\n\t<\/div>\n\t<div class=\"qodef-e-item-inner\">\n\t\t<div class=\"qodef-e-point-holder\">\n\t\t\t<div class=\"qodef-e-point\">\n\t\t\t\t\t\t\t<\/div>\n\t\t<\/div>\n\t\t<div class=\"qodef-e-side-holder\">\n\t\t\t<div class=\"qodef-e-image\">\n\t<img decoding=\"async\" src=\"http:\/\/geste-info.ch\/wp-content\/uploads\/qi-addons-for-elementor-placeholder.png\" class=\"attachment-full size-full\" alt=\"Spacer\" \/><\/div>\n\t\t<\/div>\n\t\t<div class=\"qodef-e-content-holder\">\n\t\t\t\t<div class=\"qodef-e-date\">\n\t\t04. UMSETZUNG\t<\/div>\n\t\t\t\t\t<h4 class=\"qodef-e-title\">\n\t\tReibungslos und in Ihrem Tempo\t\t<\/h4>\n\t\t\t\t\t<p class=\"qodef-e-text\">\n\t\tDanach folgt die Phase der Einf\u00fchrung der L\u00f6sung in Ihrer Organisation. Die von unseren Experten geleitete Implementierung Ihres ERP-Systems folgt immer einem klaren und bew\u00e4hrten Plan. Wir garantieren Ihnen eine schnelle und reibungslose Installation, sodass Sie Ihr neues Tool in k\u00fcrzester Zeit nutzen k\u00f6nnen. Sp\u00e4ter k\u00f6nnen jederzeit neue Module hinzugef\u00fcgt werden, wobei eine perfekte Integration gew\u00e4hrleistet ist. So w\u00e4chst Ihr ERP-System mit Ihrem Unternehmen mit.\t<\/p>\n\t\t\t<\/div>\n\t<\/div>\n<\/div>\n<div class=\"qodef-e qodef-e-item elementor-repeater-item-96238ef qodef-obverse\">\n\t<div class=\"qodef-e-line-holder\">\n\t\t<span class=\"qodef-e-line\"><\/span>\n\t<\/div>\n\t<div class=\"qodef-e-item-inner\">\n\t\t<div class=\"qodef-e-point-holder\">\n\t\t\t<div class=\"qodef-e-point\">\n\t\t\t\t\t\t\t<\/div>\n\t\t<\/div>\n\t\t<div class=\"qodef-e-side-holder\">\n\t\t\t<div class=\"qodef-e-image\">\n\t<img decoding=\"async\" src=\"http:\/\/geste-info.ch\/wp-content\/uploads\/qi-addons-for-elementor-placeholder.png\" class=\"attachment-full size-full\" alt=\"Spacer\" \/><\/div>\n\t\t<\/div>\n\t\t<div class=\"qodef-e-content-holder\">\n\t\t\t\t<div class=\"qodef-e-date\">\n\t\t05. UND WIE WEITER?\t<\/div>\n\t\t\t\t\t<h4 class=\"qodef-e-title\">\n\t\tEine langfristige Zusammenarbeit\t\t<\/h4>\n\t\t\t\t\t<p class=\"qodef-e-text\">\n\t\tSobald Ihre ERP-L\u00f6sung installiert und einsatzbereit ist, bilden wir Ihre Mitarbeitenden systematisch aus, um Ihnen ein einfaches Handling zu garantieren. Wir k\u00fcmmern uns auch um all Ihre Wartungsanfragen, stellen Updates sicher und stehen Ihnen bei Fragen oder zus\u00e4tzlichen W\u00fcnschen jederzeit zur Verf\u00fcgung. Wir begleiten Sie dauerhaft auch im weiteren Verlauf Ihres Projekts und unterst\u00fctzen die zuk\u00fcnftigen Entwicklungen Ihres Unternehmens.\t<\/p>\n\t\t\t<\/div>\n\t<\/div>\n<\/div>\n<\/div>\n\t\t\t\t<\/div>\n\t\t\t\t<\/div>\n\t\t\t\t\t<\/div>\n\t\t<\/div>\n\t\t\t\t\t<\/div>\n\t\t<\/section>\n\t\t\t\t<\/div>\n\t\t","protected":false},"excerpt":{"rendered":"<p>Dank einer bew\u00e4hrten Methodik wird jede Projektphase individuell gestaltet und perfekt auf Ihre Bed\u00fcrfnisse abgestimmt. firma Unser Ansatz 01. ERSTES TREFFEN Ihre Bed\u00fcrfnisse verstehen Bei unserem ersten Treffen nehmen wir uns die Zeit, Ihnen zuzuh\u00f6ren, um Ihr Projekt bestm\u00f6glich zu erfassen, Ihre Arbeitsweise zu verstehen und Ihre Erwartungen und Bed\u00fcrfnisse richtig zu definieren. Wir stellen [&hellip;]<\/p>\n","protected":false},"author":1,"featured_media":14500,"parent":12453,"menu_order":38,"comment_status":"closed","ping_status":"closed","template":"page-full-width.php","meta":{"inline_featured_image":false,"_monsterinsights_skip_tracking":false,"_monsterinsights_sitenote_active":false,"_monsterinsights_sitenote_note":"","_monsterinsights_sitenote_category":0,"footnotes":"","_links_to":"","_links_to_target":""},"class_list":["post-12455","page","type-page","status-publish","has-post-thumbnail","hentry"],"yoast_head":"<!-- This site is optimized with the Yoast SEO plugin v26.2 - https:\/\/yoast.com\/wordpress\/plugins\/seo\/ -->\n<title>Unser Ansatz | Geste Informatique SA<\/title>\n<meta name=\"description\" content=\"Mithilfe einer bew\u00e4hrten Methodik bieten wir einen umfassenden Ansatz zur Optimierung und Digitalisierung Ihrer Prozesse.\" \/>\n<meta name=\"robots\" content=\"index, follow, max-snippet:-1, max-image-preview:large, max-video-preview:-1\" \/>\n<link rel=\"canonical\" href=\"http:\/\/geste-info.ch\/de\/firma\/unser-ansatz\/\" \/>\n<meta property=\"og:locale\" content=\"de_DE\" \/>\n<meta property=\"og:type\" content=\"article\" \/>\n<meta property=\"og:title\" content=\"Unser Ansatz | Geste Informatique SA\" \/>\n<meta property=\"og:description\" content=\"Mithilfe einer bew\u00e4hrten Methodik bieten wir einen umfassenden Ansatz zur Optimierung und Digitalisierung Ihrer Prozesse.\" \/>\n<meta property=\"og:url\" content=\"http:\/\/geste-info.ch\/de\/firma\/unser-ansatz\/\" \/>\n<meta property=\"og:site_name\" content=\"Geste Informatique SA\" \/>\n<meta property=\"article:modified_time\" content=\"2026-01-29T15:09:04+00:00\" \/>\n<meta property=\"og:image\" content=\"http:\/\/geste-info.ch\/wp-content\/uploads\/Approche_SEO.png\" \/>\n\t<meta property=\"og:image:width\" content=\"500\" \/>\n\t<meta property=\"og:image:height\" content=\"500\" \/>\n\t<meta property=\"og:image:type\" content=\"image\/png\" \/>\n<meta name=\"twitter:card\" content=\"summary_large_image\" \/>\n<script type=\"application\/ld+json\" class=\"yoast-schema-graph\">{\"@context\":\"https:\/\/schema.org\",\"@graph\":[{\"@type\":\"WebPage\",\"@id\":\"http:\/\/geste-info.ch\/de\/firma\/unser-ansatz\/\",\"url\":\"http:\/\/geste-info.ch\/de\/firma\/unser-ansatz\/\",\"name\":\"Unser Ansatz | Geste Informatique SA\",\"isPartOf\":{\"@id\":\"http:\/\/geste-info.ch\/de\/#website\"},\"primaryImageOfPage\":{\"@id\":\"http:\/\/geste-info.ch\/de\/firma\/unser-ansatz\/#primaryimage\"},\"image\":{\"@id\":\"http:\/\/geste-info.ch\/de\/firma\/unser-ansatz\/#primaryimage\"},\"thumbnailUrl\":\"http:\/\/geste-info.ch\/wp-content\/uploads\/Approche_SEO.png\",\"datePublished\":\"2022-03-23T10:38:08+00:00\",\"dateModified\":\"2026-01-29T15:09:04+00:00\",\"description\":\"Mithilfe einer bew\u00e4hrten Methodik bieten wir einen umfassenden Ansatz zur Optimierung und Digitalisierung Ihrer Prozesse.\",\"breadcrumb\":{\"@id\":\"http:\/\/geste-info.ch\/de\/firma\/unser-ansatz\/#breadcrumb\"},\"inLanguage\":\"de\",\"potentialAction\":[{\"@type\":\"ReadAction\",\"target\":[\"http:\/\/geste-info.ch\/de\/firma\/unser-ansatz\/\"]}]},{\"@type\":\"ImageObject\",\"inLanguage\":\"de\",\"@id\":\"http:\/\/geste-info.ch\/de\/firma\/unser-ansatz\/#primaryimage\",\"url\":\"http:\/\/geste-info.ch\/wp-content\/uploads\/Approche_SEO.png\",\"contentUrl\":\"http:\/\/geste-info.ch\/wp-content\/uploads\/Approche_SEO.png\",\"width\":500,\"height\":500,\"caption\":\"image approche\"},{\"@type\":\"BreadcrumbList\",\"@id\":\"http:\/\/geste-info.ch\/de\/firma\/unser-ansatz\/#breadcrumb\",\"itemListElement\":[{\"@type\":\"ListItem\",\"position\":1,\"name\":\"Startseite\",\"item\":\"https:\/\/geste-info.ch\/de\/\"},{\"@type\":\"ListItem\",\"position\":2,\"name\":\"Unsere Firma\",\"item\":\"https:\/\/geste-info.ch\/de\/firma\/\"},{\"@type\":\"ListItem\",\"position\":3,\"name\":\"Unser Ansatz\"}]},{\"@type\":\"WebSite\",\"@id\":\"http:\/\/geste-info.ch\/de\/#website\",\"url\":\"http:\/\/geste-info.ch\/de\/\",\"name\":\"Geste Informatique SA\",\"description\":\"Solutions ERP suisses innovantes\",\"publisher\":{\"@id\":\"http:\/\/geste-info.ch\/de\/#organization\"},\"potentialAction\":[{\"@type\":\"SearchAction\",\"target\":{\"@type\":\"EntryPoint\",\"urlTemplate\":\"http:\/\/geste-info.ch\/de\/?s={search_term_string}\"},\"query-input\":{\"@type\":\"PropertyValueSpecification\",\"valueRequired\":true,\"valueName\":\"search_term_string\"}}],\"inLanguage\":\"de\"},{\"@type\":\"Organization\",\"@id\":\"http:\/\/geste-info.ch\/de\/#organization\",\"name\":\"Geste Informatique SA\",\"url\":\"http:\/\/geste-info.ch\/de\/\",\"logo\":{\"@type\":\"ImageObject\",\"inLanguage\":\"de\",\"@id\":\"http:\/\/geste-info.ch\/de\/#\/schema\/logo\/image\/\",\"url\":\"https:\/\/geste-info.ch\/wp-content\/uploads\/Logo_Site.png\",\"contentUrl\":\"https:\/\/geste-info.ch\/wp-content\/uploads\/Logo_Site.png\",\"width\":150,\"height\":150,\"caption\":\"Geste Informatique SA\"},\"image\":{\"@id\":\"http:\/\/geste-info.ch\/de\/#\/schema\/logo\/image\/\"}}]}<\/script>\n<!-- \/ Yoast SEO plugin. -->","yoast_head_json":{"title":"Unser Ansatz | Geste Informatique SA","description":"Mithilfe einer bew\u00e4hrten Methodik bieten wir einen umfassenden Ansatz zur Optimierung und Digitalisierung Ihrer Prozesse.","robots":{"index":"index","follow":"follow","max-snippet":"max-snippet:-1","max-image-preview":"max-image-preview:large","max-video-preview":"max-video-preview:-1"},"canonical":"http:\/\/geste-info.ch\/de\/firma\/unser-ansatz\/","og_locale":"de_DE","og_type":"article","og_title":"Unser Ansatz | Geste Informatique SA","og_description":"Mithilfe einer bew\u00e4hrten Methodik bieten wir einen umfassenden Ansatz zur Optimierung und Digitalisierung Ihrer Prozesse.","og_url":"http:\/\/geste-info.ch\/de\/firma\/unser-ansatz\/","og_site_name":"Geste Informatique SA","article_modified_time":"2026-01-29T15:09:04+00:00","og_image":[{"width":500,"height":500,"url":"http:\/\/geste-info.ch\/wp-content\/uploads\/Approche_SEO.png","type":"image\/png"}],"twitter_card":"summary_large_image","schema":{"@context":"https:\/\/schema.org","@graph":[{"@type":"WebPage","@id":"http:\/\/geste-info.ch\/de\/firma\/unser-ansatz\/","url":"http:\/\/geste-info.ch\/de\/firma\/unser-ansatz\/","name":"Unser Ansatz | Geste Informatique SA","isPartOf":{"@id":"http:\/\/geste-info.ch\/de\/#website"},"primaryImageOfPage":{"@id":"http:\/\/geste-info.ch\/de\/firma\/unser-ansatz\/#primaryimage"},"image":{"@id":"http:\/\/geste-info.ch\/de\/firma\/unser-ansatz\/#primaryimage"},"thumbnailUrl":"http:\/\/geste-info.ch\/wp-content\/uploads\/Approche_SEO.png","datePublished":"2022-03-23T10:38:08+00:00","dateModified":"2026-01-29T15:09:04+00:00","description":"Mithilfe einer bew\u00e4hrten Methodik bieten wir einen umfassenden Ansatz zur Optimierung und Digitalisierung Ihrer Prozesse.","breadcrumb":{"@id":"http:\/\/geste-info.ch\/de\/firma\/unser-ansatz\/#breadcrumb"},"inLanguage":"de","potentialAction":[{"@type":"ReadAction","target":["http:\/\/geste-info.ch\/de\/firma\/unser-ansatz\/"]}]},{"@type":"ImageObject","inLanguage":"de","@id":"http:\/\/geste-info.ch\/de\/firma\/unser-ansatz\/#primaryimage","url":"http:\/\/geste-info.ch\/wp-content\/uploads\/Approche_SEO.png","contentUrl":"http:\/\/geste-info.ch\/wp-content\/uploads\/Approche_SEO.png","width":500,"height":500,"caption":"image approche"},{"@type":"BreadcrumbList","@id":"http:\/\/geste-info.ch\/de\/firma\/unser-ansatz\/#breadcrumb","itemListElement":[{"@type":"ListItem","position":1,"name":"Startseite","item":"https:\/\/geste-info.ch\/de\/"},{"@type":"ListItem","position":2,"name":"Unsere Firma","item":"https:\/\/geste-info.ch\/de\/firma\/"},{"@type":"ListItem","position":3,"name":"Unser Ansatz"}]},{"@type":"WebSite","@id":"http:\/\/geste-info.ch\/de\/#website","url":"http:\/\/geste-info.ch\/de\/","name":"Geste Informatique SA","description":"Solutions ERP suisses innovantes","publisher":{"@id":"http:\/\/geste-info.ch\/de\/#organization"},"potentialAction":[{"@type":"SearchAction","target":{"@type":"EntryPoint","urlTemplate":"http:\/\/geste-info.ch\/de\/?s={search_term_string}"},"query-input":{"@type":"PropertyValueSpecification","valueRequired":true,"valueName":"search_term_string"}}],"inLanguage":"de"},{"@type":"Organization","@id":"http:\/\/geste-info.ch\/de\/#organization","name":"Geste Informatique SA","url":"http:\/\/geste-info.ch\/de\/","logo":{"@type":"ImageObject","inLanguage":"de","@id":"http:\/\/geste-info.ch\/de\/#\/schema\/logo\/image\/","url":"https:\/\/geste-info.ch\/wp-content\/uploads\/Logo_Site.png","contentUrl":"https:\/\/geste-info.ch\/wp-content\/uploads\/Logo_Site.png","width":150,"height":150,"caption":"Geste Informatique SA"},"image":{"@id":"http:\/\/geste-info.ch\/de\/#\/schema\/logo\/image\/"}}]}},"_links":{"self":[{"href":"http:\/\/geste-info.ch\/de\/wp-json\/wp\/v2\/pages\/12455","targetHints":{"allow":["GET"]}}],"collection":[{"href":"http:\/\/geste-info.ch\/de\/wp-json\/wp\/v2\/pages"}],"about":[{"href":"http:\/\/geste-info.ch\/de\/wp-json\/wp\/v2\/types\/page"}],"author":[{"embeddable":true,"href":"http:\/\/geste-info.ch\/de\/wp-json\/wp\/v2\/users\/1"}],"replies":[{"embeddable":true,"href":"http:\/\/geste-info.ch\/de\/wp-json\/wp\/v2\/comments?post=12455"}],"version-history":[{"count":30,"href":"http:\/\/geste-info.ch\/de\/wp-json\/wp\/v2\/pages\/12455\/revisions"}],"predecessor-version":[{"id":20751,"href":"http:\/\/geste-info.ch\/de\/wp-json\/wp\/v2\/pages\/12455\/revisions\/20751"}],"up":[{"embeddable":true,"href":"http:\/\/geste-info.ch\/de\/wp-json\/wp\/v2\/pages\/12453"}],"wp:featuredmedia":[{"embeddable":true,"href":"http:\/\/geste-info.ch\/de\/wp-json\/wp\/v2\/media\/14500"}],"wp:attachment":[{"href":"http:\/\/geste-info.ch\/de\/wp-json\/wp\/v2\/media?parent=12455"}],"curies":[{"name":"wp","href":"https:\/\/api.w.org\/{rel}","templated":true}]}}